{"id":4475,"date":"2024-07-26T15:36:03","date_gmt":"2024-07-26T13:36:03","guid":{"rendered":"https:\/\/hotellebiarritz.maintenance.madare.dev\/?page_id=4475"},"modified":"2024-07-26T15:50:40","modified_gmt":"2024-07-26T13:50:40","slug":"thalasso-basque-country","status":"publish","type":"page","link":"https:\/\/hotellebiarritz.maintenance.madare.dev\/en\/tourism-activities-biarritz\/thalasso-basque-country\/","title":{"rendered":"Thalasso Basque Country"},"content":{"rendered":"<div data-elementor-type=\"wp-page\" data-elementor-id=\"4475\" class=\"elementor elementor-4475\" data-elementor-post-type=\"page\">\n\t\t\t\t<div class=\"elementor-element elementor-element-79d130a e-con-full e-flex e-con e-parent\" data-id=\"79d130a\" data-element_type=\"container\" data-settings=\"{&quot;background_background&quot;:&quot;classic&quot;}\">\n\t\t<div class=\"elementor-element elementor-element-9c2133d e-flex e-con-boxed e-con e-child\" data-id=\"9c2133d\" data-element_type=\"container\">\n\t\t\t\t\t<div class=\"e-con-inner\">\n\t\t\t\t<div class=\"elementor-element elementor-element-84d27a8 elementor-widget elementor-widget-heading\" data-id=\"84d27a8\" data-element_type=\"widget\" data-widget_type=\"heading.default\">\n\t\t\t\t<div class=\"elementor-widget-container\">\n\t\t\t\t\t<h1 class=\"elementor-heading-title elementor-size-default\">Thalasso treatments in the Basque Country: a wellness cure at the Ibis Styles Biarritz Plage and its partner Thalmar <\/h1>\t\t\t\t<\/div>\n\t\t\t\t<\/div>\n\t\t\t\t<div class=\"elementor-element elementor-element-f63eed9 elementor-view-default elementor-widget elementor-widget-icon\" data-id=\"f63eed9\" data-element_type=\"widget\" data-widget_type=\"icon.default\">\n\t\t\t\t<div class=\"elementor-widget-container\">\n\t\t\t\t\t\t\t<div class=\"elementor-icon-wrapper\">\n\t\t\t<div class=\"elementor-icon\">\n\t\t\t<svg xmlns=\"http:\/\/www.w3.org\/2000\/svg\" width=\"4721\" height=\"1024\" viewbox=\"0 0 4721 1024\"><title><\/title><g id=\"icomoon-ignore\"><\/g><path d=\"M4719.542 686.137c-14.578-16.391-29.63-30.797-45.731-43.933l-0.218-0.176c-122.573-60.482-570.066-175.569-966.051-221.99-367.583-47.829-787.155-60.53-1213.579-30.621-77.228 5.417-154.039 12.186-230.41 20.283l11.070-1.091c-681.528 68.27-1275.654 115.060-1579.65 85.212-377.404-36.852-611.317-125.343-675.959-162.385l-7.504 2.445c141.201 115.371 309.437 199.358 492.55 241.439l8.695 1.64c377.96 99.496 793.208 119.621 1398.815 54.117 647.481-70.36 1808.145-238.118 2823.135 70.626z\"><\/path><\/svg>\t\t\t<\/div>\n\t\t<\/div>\n\t\t\t\t\t\t<\/div>\n\t\t\t\t<\/div>\n\t\t\t\t\t<\/div>\n\t\t\t\t<\/div>\n\t\t\t\t<\/div>\n\t\t<div class=\"elementor-element elementor-element-afe7dfb e-flex e-con-boxed e-con e-parent\" data-id=\"afe7dfb\" data-element_type=\"container\">\n\t\t\t\t\t<div class=\"e-con-inner\">\n\t\t\t\t<div class=\"elementor-element elementor-element-c94f5f1 elementor-widget elementor-widget-text-editor\" data-id=\"c94f5f1\" data-element_type=\"widget\" data-widget_type=\"text-editor.default\">\n\t\t\t\t<div class=\"elementor-widget-container\">\n\t\t\t\t\t\t\t\t\t<p>Between the calm of the Ibis Styles Biarritz Plage hotel and the hydrotherapy treatments at the Thalmar centre, we can offer you an unforgettable thalasso holiday in the Basque Country. Both establishments leave nothing to chance to provide their visitors with comfort and well-being for a memorable rejuvenation cure. Without losing sight of the majestic natural scenery, the hotel's three stars shine on the Atlantic coast, just above Marbella beach. Welcome to a place of rejuvenation entirely dedicated to escape and relaxation.<\/p>\t\t\t\t\t\t\t\t<\/div>\n\t\t\t\t<\/div>\n\t\t\t\t\t<\/div>\n\t\t\t\t<\/div>\n\t\t<div class=\"elementor-element elementor-element-538bc11 e-flex e-con-boxed e-con e-parent\" data-id=\"538bc11\" data-element_type=\"container\">\n\t\t\t\t\t<div class=\"e-con-inner\">\n\t\t<div class=\"elementor-element elementor-element-b1cbfd2 e-con-full e-flex e-con e-child\" data-id=\"b1cbfd2\" data-element_type=\"container\">\n\t\t\t\t<div class=\"elementor-element elementor-element-374e43c elementor-widget elementor-widget-heading\" data-id=\"374e43c\" data-element_type=\"widget\" data-widget_type=\"heading.default\">\n\t\t\t\t<div class=\"elementor-widget-container\">\n\t\t\t\t\t<h2 class=\"elementor-heading-title elementor-size-default\">A bubble of vitality on the Basque Coast, a stone's throw from your Ibis Styles Biarritz Plage hotel<\/h2>\t\t\t\t<\/div>\n\t\t\t\t<\/div>\n\t\t\t\t<div class=\"elementor-element elementor-element-0a8ecd3 elementor-widget elementor-widget-text-editor\" data-id=\"0a8ecd3\" data-element_type=\"widget\" data-widget_type=\"text-editor.default\">\n\t\t\t\t<div class=\"elementor-widget-container\">\n\t\t\t\t\t\t\t\t\t<p>Have you ever considered treating yourself to a thalasso cure? Is your body showing signs of fatigue, is your energy flagging and are you dreaming of getting some rest? Combine the powers of nature with the top-of-the-range services of the Ibis Styles Biarritz Plage hotel and its <a href=\"https:\/\/www.thalmar.com\/\" rel=\"nofollow noopener\" target=\"_blank\">Thalmar partner<\/a> to get back into shape. These two exceptional establishments are located in ideal surroundings, facing the Atlantic Ocean and just a stone's throw from Biarritz's most beautiful beaches. Let the waves transmit their regenerating force to you, and the iodised air breathe its pure oxygen into you during a thalasso weekend in the Basque Country.<\/p><p>Is there anything more invigorating than diving into the waves and connecting fully with the elements? Hydrotherapy treatments allow you to reproduce this sensation and enjoy all the benefits of seawater in luxurious conditions, thanks to top-of-the-range facilities. Thalmar offers spa guests a concentrate of the best the ocean has to offer, with personalised treatments to target each problem effectively.<\/p><p>The well-being interlude is truly complete when you return to the calm of the Ibis Styles Biarritz Plage hotel after a day devoted to treatments. Its 49 bright, comfortable rooms promise a serene stay, thanks to the quality of their facilities and the peaceful atmosphere they exude.<\/p>\t\t\t\t\t\t\t\t<\/div>\n\t\t\t\t<\/div>\n\t\t\t\t<\/div>\n\t\t<div class=\"elementor-element elementor-element-0ba5cef e-con-full e-flex e-con e-child\" data-id=\"0ba5cef\" data-element_type=\"container\">\n\t\t<div class=\"elementor-element elementor-element-7e52ef6 e-flex e-con-boxed e-con e-child\" data-id=\"7e52ef6\" data-element_type=\"container\">\n\t\t\t\t\t<div class=\"e-con-inner\">\n\t\t\t\t<div class=\"elementor-element elementor-element-27b5124 elementor-widget__width-auto elementor-widget elementor-widget-image\" data-id=\"27b5124\" data-element_type=\"widget\" data-widget_type=\"image.default\">\n\t\t\t\t<div class=\"elementor-widget-container\">\n\t\t\t\t\t\t\t\t\t\t\t\t\t\t\t<img fetchpriority=\"high\" decoding=\"async\" width=\"800\" height=\"533\" src=\"https:\/\/hotellebiarritz.maintenance.madare.dev\/wp-content\/uploads\/2024\/05\/2024.04.30-Shooting-Hotellerie-Le-Biarritrz-WEB-34-1024x682.jpg\" class=\"attachment-large size-large wp-image-4352\" alt=\"\" srcset=\"https:\/\/hotellebiarritz.maintenance.madare.dev\/wp-content\/uploads\/2024\/05\/2024.04.30-Shooting-Hotellerie-Le-Biarritrz-WEB-34-1024x682.jpg 1024w, https:\/\/hotellebiarritz.maintenance.madare.dev\/wp-content\/uploads\/2024\/05\/2024.04.30-Shooting-Hotellerie-Le-Biarritrz-WEB-34-300x200.jpg 300w, https:\/\/hotellebiarritz.maintenance.madare.dev\/wp-content\/uploads\/2024\/05\/2024.04.30-Shooting-Hotellerie-Le-Biarritrz-WEB-34-768x512.jpg 768w, https:\/\/hotellebiarritz.maintenance.madare.dev\/wp-content\/uploads\/2024\/05\/2024.04.30-Shooting-Hotellerie-Le-Biarritrz-WEB-34-1536x1024.jpg 1536w, https:\/\/hotellebiarritz.maintenance.madare.dev\/wp-content\/uploads\/2024\/05\/2024.04.30-Shooting-Hotellerie-Le-Biarritrz-WEB-34-18x12.jpg 18w, https:\/\/hotellebiarritz.maintenance.madare.dev\/wp-content\/uploads\/2024\/05\/2024.04.30-Shooting-Hotellerie-Le-Biarritrz-WEB-34.jpg 2000w\" sizes=\"(max-width: 800px) 100vw, 800px\" title=\"\">\t\t\t\t\t\t\t\t\t\t\t\t\t\t\t<\/div>\n\t\t\t\t<\/div>\n\t\t\t\t<div class=\"elementor-element elementor-element-3bc4840 elementor-widget__width-auto elementor-widget elementor-widget-image\" data-id=\"3bc4840\" data-element_type=\"widget\" data-widget_type=\"image.default\">\n\t\t\t\t<div class=\"elementor-widget-container\">\n\t\t\t\t\t\t\t\t\t\t\t\t\t\t\t<img decoding=\"async\" width=\"683\" height=\"1024\" src=\"https:\/\/hotellebiarritz.maintenance.madare.dev\/wp-content\/uploads\/2023\/12\/talmar-eliophot-arsandaux-20-1-683x1024.jpg\" class=\"attachment-large size-large wp-image-3679\" alt=\"\" srcset=\"https:\/\/hotellebiarritz.maintenance.madare.dev\/wp-content\/uploads\/2023\/12\/talmar-eliophot-arsandaux-20-1-683x1024.jpg 683w, https:\/\/hotellebiarritz.maintenance.madare.dev\/wp-content\/uploads\/2023\/12\/talmar-eliophot-arsandaux-20-1-200x300.jpg 200w, https:\/\/hotellebiarritz.maintenance.madare.dev\/wp-content\/uploads\/2023\/12\/talmar-eliophot-arsandaux-20-1-8x12.jpg 8w, https:\/\/hotellebiarritz.maintenance.madare.dev\/wp-content\/uploads\/2023\/12\/talmar-eliophot-arsandaux-20-1.jpg 720w\" sizes=\"(max-width: 683px) 100vw, 683px\" title=\"\">\t\t\t\t\t\t\t\t\t\t\t\t\t\t\t<\/div>\n\t\t\t\t<\/div>\n\t\t\t\t\t<\/div>\n\t\t\t\t<\/div>\n\t\t<div class=\"elementor-element elementor-element-f9a4aea e-flex e-con-boxed e-con e-child\" data-id=\"f9a4aea\" data-element_type=\"container\">\n\t\t\t\t\t<div class=\"e-con-inner\">\n\t\t\t\t<div class=\"elementor-element elementor-element-c3f42de elementor-widget__width-auto elementor-widget elementor-widget-image\" data-id=\"c3f42de\" data-element_type=\"widget\" data-widget_type=\"image.default\">\n\t\t\t\t<div class=\"elementor-widget-container\">\n\t\t\t\t\t\t\t\t\t\t\t\t\t\t\t<img decoding=\"async\" width=\"2560\" height=\"1707\" src=\"https:\/\/hotellebiarritz.maintenance.madare.dev\/wp-content\/uploads\/2023\/10\/talmar-eliophot-arsandaux-65-scaled.jpg\" class=\"attachment-full size-full wp-image-3447\" alt=\"\" srcset=\"https:\/\/hotellebiarritz.maintenance.madare.dev\/wp-content\/uploads\/2023\/10\/talmar-eliophot-arsandaux-65-scaled.jpg 2560w, https:\/\/hotellebiarritz.maintenance.madare.dev\/wp-content\/uploads\/2023\/10\/talmar-eliophot-arsandaux-65-300x200.jpg 300w, https:\/\/hotellebiarritz.maintenance.madare.dev\/wp-content\/uploads\/2023\/10\/talmar-eliophot-arsandaux-65-1024x683.jpg 1024w, https:\/\/hotellebiarritz.maintenance.madare.dev\/wp-content\/uploads\/2023\/10\/talmar-eliophot-arsandaux-65-768x512.jpg 768w, https:\/\/hotellebiarritz.maintenance.madare.dev\/wp-content\/uploads\/2023\/10\/talmar-eliophot-arsandaux-65-1536x1024.jpg 1536w, https:\/\/hotellebiarritz.maintenance.madare.dev\/wp-content\/uploads\/2023\/10\/talmar-eliophot-arsandaux-65-2048x1365.jpg 2048w, https:\/\/hotellebiarritz.maintenance.madare.dev\/wp-content\/uploads\/2023\/10\/talmar-eliophot-arsandaux-65-18x12.jpg 18w\" sizes=\"(max-width: 2560px) 100vw, 2560px\" title=\"\">\t\t\t\t\t\t\t\t\t\t\t\t\t\t\t<\/div>\n\t\t\t\t<\/div>\n\t\t\t\t\t<\/div>\n\t\t\t\t<\/div>\n\t\t\t\t<\/div>\n\t\t\t\t\t<\/div>\n\t\t\t\t<\/div>\n\t\t<div class=\"elementor-element elementor-element-5d8cd1f e-con-full e-flex e-con e-parent\" data-id=\"5d8cd1f\" data-element_type=\"container\">\n\t\t<div class=\"elementor-element elementor-element-136b967 e-con-full e-flex e-con e-child\" data-id=\"136b967\" data-element_type=\"container\">\n\t\t<div class=\"elementor-element elementor-element-b1f020a e-flex e-con-boxed e-con e-child\" data-id=\"b1f020a\" data-element_type=\"container\" data-settings=\"{&quot;background_background&quot;:&quot;classic&quot;}\">\n\t\t\t\t\t<div class=\"e-con-inner\">\n\t\t\t\t<div class=\"elementor-element elementor-element-5d253c0 elementor-widget elementor-widget-image\" data-id=\"5d253c0\" data-element_type=\"widget\" data-widget_type=\"image.default\">\n\t\t\t\t<div class=\"elementor-widget-container\">\n\t\t\t\t\t\t\t\t\t\t\t\t\t\t\t<img loading=\"lazy\" decoding=\"async\" width=\"2560\" height=\"1704\" src=\"https:\/\/hotellebiarritz.maintenance.madare.dev\/wp-content\/uploads\/2023\/12\/DSC_6532-scaled.jpg\" class=\"attachment-full size-full wp-image-3741\" alt=\"\" srcset=\"https:\/\/hotellebiarritz.maintenance.madare.dev\/wp-content\/uploads\/2023\/12\/DSC_6532-scaled.jpg 2560w, https:\/\/hotellebiarritz.maintenance.madare.dev\/wp-content\/uploads\/2023\/12\/DSC_6532-300x200.jpg 300w, https:\/\/hotellebiarritz.maintenance.madare.dev\/wp-content\/uploads\/2023\/12\/DSC_6532-1024x682.jpg 1024w, https:\/\/hotellebiarritz.maintenance.madare.dev\/wp-content\/uploads\/2023\/12\/DSC_6532-768x511.jpg 768w, https:\/\/hotellebiarritz.maintenance.madare.dev\/wp-content\/uploads\/2023\/12\/DSC_6532-1536x1023.jpg 1536w, https:\/\/hotellebiarritz.maintenance.madare.dev\/wp-content\/uploads\/2023\/12\/DSC_6532-2048x1363.jpg 2048w, https:\/\/hotellebiarritz.maintenance.madare.dev\/wp-content\/uploads\/2023\/12\/DSC_6532-18x12.jpg 18w\" sizes=\"(max-width: 2560px) 100vw, 2560px\" title=\"\">\t\t\t\t\t\t\t\t\t\t\t\t\t\t\t<\/div>\n\t\t\t\t<\/div>\n\t\t\t\t\t<\/div>\n\t\t\t\t<\/div>\n\t\t\t\t<\/div>\n\t\t<div class=\"elementor-element elementor-element-154eaa3 e-con-full e-flex e-con e-child\" data-id=\"154eaa3\" data-element_type=\"container\" data-settings=\"{&quot;background_background&quot;:&quot;classic&quot;}\">\n\t\t\t\t<div class=\"elementor-element elementor-element-bdac826 elementor-widget elementor-widget-heading\" data-id=\"bdac826\" data-element_type=\"widget\" data-widget_type=\"heading.default\">\n\t\t\t\t<div class=\"elementor-widget-container\">\n\t\t\t\t\t<h2 class=\"elementor-heading-title elementor-size-default\">Thalmar thalasso in the Basque Country: getting back into shape and feeling good<\/h2>\t\t\t\t<\/div>\n\t\t\t\t<\/div>\n\t\t\t\t<div class=\"elementor-element elementor-element-1e74def elementor-widget elementor-widget-text-editor\" data-id=\"1e74def\" data-element_type=\"widget\" data-widget_type=\"text-editor.default\">\n\t\t\t\t<div class=\"elementor-widget-container\">\n\t\t\t\t\t\t\t\t\t<p>The Thalmar centre is the thalasso expert in the Basque Country. In partnership with the Ibis Styles Biarritz Plage hotel, the establishment is inviting you to a thalassotherapy experience in the Basque Country. <a href=\"https:\/\/hotellebiarritz.maintenance.madare.dev\/en\/thalmar-biarritz-thalasso\/\">holistic fitness experience<\/a>a blend of innovation, nature and technology. The facilities offer the ideal conditions for pampering yourself, getting away from it all and indulging in a unique and beneficial interlude. Dive into the Thalmar Archipelago, an aquatic complex where heated seawater releases its minerals and trace elements. Between the massaging jets of the pools, the relaxing bubbles of the jacuzzi, the purifying steam of the hammam and the dry heat of the sauna, body and mind are soothed. Muscles relax, aching joints are relieved, tension disappears and you forget the hustle and bustle of everyday life to think only of your own fulfilment.<\/p><p>To make the most of your <a href=\"https:\/\/hotellebiarritz.maintenance.madare.dev\/en\/tourism-activities-biarritz\/thalasso-biarritz\/\">thalasso experience<\/a> in the Basque Country, entrust your skin to the expert hands of the centre's practitioners. A wide range of personalised treatments and an extensive menu of services will take your senses on an exceptional journey. Body scrubs, hot stone massages, seaweed wraps, marine mud applications... Professional treatments and innovative techniques guarantee a moment of pure softness and lightness. Return to your cosy cocoon in the Ibis Styles Biarritz Plage hotel to end the day on an elegant and gourmet note, in the hotel bar or restaurant.<\/p>\t\t\t\t\t\t\t\t<\/div>\n\t\t\t\t<\/div>\n\t\t\t\t<\/div>\n\t\t\t\t<\/div>\n\t\t<div class=\"elementor-element elementor-element-350e1f7 e-con-full e-flex e-con e-parent\" data-id=\"350e1f7\" data-element_type=\"container\">\n\t\t<div class=\"elementor-element elementor-element-6b5a842 e-con-full e-flex e-con e-child\" data-id=\"6b5a842\" data-element_type=\"container\">\n\t\t\t\t<div class=\"elementor-element elementor-element-d6d64f1 elementor-widget elementor-widget-heading\" data-id=\"d6d64f1\" data-element_type=\"widget\" data-widget_type=\"heading.default\">\n\t\t\t\t<div class=\"elementor-widget-container\">\n\t\t\t\t\t<h2 class=\"elementor-heading-title elementor-size-default\">Find out more <\/h2>\t\t\t\t<\/div>\n\t\t\t\t<\/div>\n\t\t\t\t<div class=\"elementor-element elementor-element-0ff7496 elementor-view-default elementor-widget elementor-widget-icon\" data-id=\"0ff7496\" data-element_type=\"widget\" data-widget_type=\"icon.default\">\n\t\t\t\t<div class=\"elementor-widget-container\">\n\t\t\t\t\t\t\t<div class=\"elementor-icon-wrapper\">\n\t\t\t<div class=\"elementor-icon\">\n\t\t\t<svg xmlns=\"http:\/\/www.w3.org\/2000\/svg\" width=\"4721\" height=\"1024\" viewbox=\"0 0 4721 1024\"><title><\/title><g id=\"icomoon-ignore\"><\/g><path d=\"M4719.542 686.137c-14.578-16.391-29.63-30.797-45.731-43.933l-0.218-0.176c-122.573-60.482-570.066-175.569-966.051-221.99-367.583-47.829-787.155-60.53-1213.579-30.621-77.228 5.417-154.039 12.186-230.41 20.283l11.070-1.091c-681.528 68.27-1275.654 115.060-1579.65 85.212-377.404-36.852-611.317-125.343-675.959-162.385l-7.504 2.445c141.201 115.371 309.437 199.358 492.55 241.439l8.695 1.64c377.96 99.496 793.208 119.621 1398.815 54.117 647.481-70.36 1808.145-238.118 2823.135 70.626z\"><\/path><\/svg>\t\t\t<\/div>\n\t\t<\/div>\n\t\t\t\t\t\t<\/div>\n\t\t\t\t<\/div>\n\t\t\t\t<\/div>\n\t\t<div class=\"elementor-element elementor-element-07b21db e-con-full e-flex e-con e-child\" data-id=\"07b21db\" data-element_type=\"container\">\n\t\t\t\t<div class=\"elementor-element elementor-element-402db58 elementor-cta--skin-cover elementor-widget__width-auto cta-fond-anim btn-cta-wave elementor-widget elementor-widget-call-to-action\" data-id=\"402db58\" data-element_type=\"widget\" data-widget_type=\"call-to-action.default\">\n\t\t\t\t<div class=\"elementor-widget-container\">\n\t\t\t\t\t\t\t<div class=\"elementor-cta\">\n\t\t\t\t\t<div class=\"elementor-cta__bg-wrapper\">\n\t\t\t\t<div class=\"elementor-cta__bg elementor-bg\" style=\"background-image: url(https:\/\/hotellebiarritz.maintenance.madare.dev\/wp-content\/uploads\/2023\/09\/iStock-1455242825-1024x683.jpg);\" role=\"img\" aria-label=\"January 4, 2023. Bali, Indonesia. Man in tropical ocean during surfing. Surfer ride on surfboard on blue wave.\"><\/div>\n\t\t\t\t<div class=\"elementor-cta__bg-overlay\"><\/div>\n\t\t\t<\/div>\n\t\t\t\t\t\t\t<div class=\"elementor-cta__content\">\n\t\t\t\t\n\t\t\t\t\t\t\t\t\t<h2 class=\"elementor-cta__title elementor-cta__content-item elementor-content-item\">\n\t\t\t\t\t\tSurfing in Biarritz\t\t\t\t\t<\/h2>\n\t\t\t\t\n\t\t\t\t\n\t\t\t\t\t\t\t\t\t<div class=\"elementor-cta__button-wrapper elementor-cta__content-item elementor-content-item\">\n\t\t\t\t\t<a class=\"elementor-cta__button elementor-button elementor-size-\" href=\"https:\/\/hotellebiarritz.maintenance.madare.dev\/en\/tourism-activities-biarritz\/surfing-in-biarritz\/\">\n\t\t\t\t\t\tFind out more\t\t\t\t\t<\/a>\n\t\t\t\t\t<\/div>\n\t\t\t\t\t\t\t<\/div>\n\t\t\t\t\t\t<\/div>\n\t\t\t\t\t\t<\/div>\n\t\t\t\t<\/div>\n\t\t\t\t<\/div>\n\t\t<div class=\"elementor-element elementor-element-cb3b259 e-con-full e-flex e-con e-child\" data-id=\"cb3b259\" data-element_type=\"container\">\n\t\t\t\t<div class=\"elementor-element elementor-element-288d29c elementor-cta--skin-cover elementor-widget__width-auto cta-fond-anim btn-cta-wave elementor-widget elementor-widget-call-to-action\" data-id=\"288d29c\" data-element_type=\"widget\" data-widget_type=\"call-to-action.default\">\n\t\t\t\t<div class=\"elementor-widget-container\">\n\t\t\t\t\t\t\t<div class=\"elementor-cta\">\n\t\t\t\t\t<div class=\"elementor-cta__bg-wrapper\">\n\t\t\t\t<div class=\"elementor-cta__bg elementor-bg\" style=\"background-image: url(https:\/\/hotellebiarritz.maintenance.madare.dev\/wp-content\/uploads\/2023\/09\/iStock-1145421442-1024x683.jpg);\" role=\"img\" aria-label=\"Phare de Biarritz is a lighthouse in Biarritz city in France\"><\/div>\n\t\t\t\t<div class=\"elementor-cta__bg-overlay\"><\/div>\n\t\t\t<\/div>\n\t\t\t\t\t\t\t<div class=\"elementor-cta__content\">\n\t\t\t\t\n\t\t\t\t\t\t\t\t\t<h2 class=\"elementor-cta__title elementor-cta__content-item elementor-content-item\">\n\t\t\t\t\t\tCulture &amp; Heritage\t\t\t\t\t<\/h2>\n\t\t\t\t\n\t\t\t\t\n\t\t\t\t\t\t\t\t\t<div class=\"elementor-cta__button-wrapper elementor-cta__content-item elementor-content-item\">\n\t\t\t\t\t<a class=\"elementor-cta__button elementor-button elementor-size-\" href=\"https:\/\/hotellebiarritz.maintenance.madare.dev\/en\/tourism-activities-biarritz\/culture-heritage-what-to-do-in-biarritz\/\">\n\t\t\t\t\t\tFind out more\t\t\t\t\t<\/a>\n\t\t\t\t\t<\/div>\n\t\t\t\t\t\t\t<\/div>\n\t\t\t\t\t\t<\/div>\n\t\t\t\t\t\t<\/div>\n\t\t\t\t<\/div>\n\t\t\t\t<\/div>\n\t\t<div class=\"elementor-element elementor-element-574ea96 e-con-full e-flex e-con e-child\" data-id=\"574ea96\" data-element_type=\"container\">\n\t\t\t\t<div class=\"elementor-element elementor-element-95bf07d elementor-cta--skin-cover elementor-widget__width-auto cta-fond-anim btn-cta-wave elementor-widget elementor-widget-call-to-action\" data-id=\"95bf07d\" data-element_type=\"widget\" data-widget_type=\"call-to-action.default\">\n\t\t\t\t<div class=\"elementor-widget-container\">\n\t\t\t\t\t\t\t<div class=\"elementor-cta\">\n\t\t\t\t\t<div class=\"elementor-cta__bg-wrapper\">\n\t\t\t\t<div class=\"elementor-cta__bg elementor-bg\" style=\"background-image: url(https:\/\/hotellebiarritz.maintenance.madare.dev\/wp-content\/uploads\/2023\/09\/iStock-1187808826-1024x576.jpg);\" role=\"img\" aria-label=\"She looks out to mountain ranges in distance\"><\/div>\n\t\t\t\t<div class=\"elementor-cta__bg-overlay\"><\/div>\n\t\t\t<\/div>\n\t\t\t\t\t\t\t<div class=\"elementor-cta__content\">\n\t\t\t\t\n\t\t\t\t\t\t\t\t\t<h2 class=\"elementor-cta__title elementor-cta__content-item elementor-content-item\">\n\t\t\t\t\t\tWalks in the Basque Country\t\t\t\t\t<\/h2>\n\t\t\t\t\n\t\t\t\t\n\t\t\t\t\t\t\t\t\t<div class=\"elementor-cta__button-wrapper elementor-cta__content-item elementor-content-item\">\n\t\t\t\t\t<a class=\"elementor-cta__button elementor-button elementor-size-\" href=\"https:\/\/hotellebiarritz.maintenance.madare.dev\/en\/tourism-activities-biarritz\/walks-in-the-basque-country-visit-biarritz\/\">\n\t\t\t\t\t\tFind out more\t\t\t\t\t<\/a>\n\t\t\t\t\t<\/div>\n\t\t\t\t\t\t\t<\/div>\n\t\t\t\t\t\t<\/div>\n\t\t\t\t\t\t<\/div>\n\t\t\t\t<\/div>\n\t\t\t\t<\/div>\n\t\t\t\t<\/div>\n\t\t\t\t<\/div>","protected":false},"excerpt":{"rendered":"<p>Partir en thalasso au Pays Basque : cure bien-\u00eatre entre l\u2019Ibis Styles Biarritz Plage et son partenaire Thalmar Entre le calme de l\u2019h\u00f4tel Ibis Styles Biarritz Plage et les soins d\u2019hydroth\u00e9rapie du centre Thalmar, nous vous proposons un s\u00e9jour thalasso au Pays Basque inoubliable. Les deux \u00e9tablissements ne laissent rien au hasard pour procurer confort [&hellip;]<\/p>","protected":false},"author":21,"featured_media":0,"parent":365,"menu_order":0,"comment_status":"closed","ping_status":"closed","template":"","meta":{"inline_featured_image":false,"footnotes":""},"class_list":["post-4475","page","type-page","status-publish","hentry"],"_links":{"self":[{"href":"https:\/\/hotellebiarritz.maintenance.madare.dev\/en\/wp-json\/wp\/v2\/pages\/4475","targetHints":{"allow":["GET"]}}],"collection":[{"href":"https:\/\/hotellebiarritz.maintenance.madare.dev\/en\/wp-json\/wp\/v2\/pages"}],"about":[{"href":"https:\/\/hotellebiarritz.maintenance.madare.dev\/en\/wp-json\/wp\/v2\/types\/page"}],"author":[{"embeddable":true,"href":"https:\/\/hotellebiarritz.maintenance.madare.dev\/en\/wp-json\/wp\/v2\/users\/21"}],"replies":[{"embeddable":true,"href":"https:\/\/hotellebiarritz.maintenance.madare.dev\/en\/wp-json\/wp\/v2\/comments?post=4475"}],"version-history":[{"count":8,"href":"https:\/\/hotellebiarritz.maintenance.madare.dev\/en\/wp-json\/wp\/v2\/pages\/4475\/revisions"}],"predecessor-version":[{"id":4491,"href":"https:\/\/hotellebiarritz.maintenance.madare.dev\/en\/wp-json\/wp\/v2\/pages\/4475\/revisions\/4491"}],"up":[{"embeddable":true,"href":"https:\/\/hotellebiarritz.maintenance.madare.dev\/en\/wp-json\/wp\/v2\/pages\/365"}],"wp:attachment":[{"href":"https:\/\/hotellebiarritz.maintenance.madare.dev\/en\/wp-json\/wp\/v2\/media?parent=4475"}],"curies":[{"name":"wp","href":"https:\/\/api.w.org\/{rel}","templated":true}]}}