{"id":4460,"date":"2024-07-26T15:24:31","date_gmt":"2024-07-26T13:24:31","guid":{"rendered":"https:\/\/hotellebiarritz.maintenance.madare.dev\/?page_id=4460"},"modified":"2024-10-21T15:28:45","modified_gmt":"2024-10-21T13:28:45","slug":"thalasso-weekend","status":"publish","type":"page","link":"https:\/\/hotellebiarritz.maintenance.madare.dev\/en\/tourism-activities-biarritz\/thalasso-weekend\/","title":{"rendered":"Week-end enThalasso"},"content":{"rendered":"<div data-elementor-type=\"wp-page\" data-elementor-id=\"4460\" class=\"elementor elementor-4460\" data-elementor-post-type=\"page\">\n\t\t\t\t<div class=\"elementor-element elementor-element-79d130a e-con-full e-flex e-con e-parent\" data-id=\"79d130a\" data-element_type=\"container\" data-settings=\"{&quot;background_background&quot;:&quot;classic&quot;}\">\n\t\t<div class=\"elementor-element elementor-element-9c2133d e-flex e-con-boxed e-con e-child\" data-id=\"9c2133d\" data-element_type=\"container\">\n\t\t\t\t\t<div class=\"e-con-inner\">\n\t\t\t\t<div class=\"elementor-element elementor-element-84d27a8 elementor-widget elementor-widget-heading\" data-id=\"84d27a8\" data-element_type=\"widget\" data-widget_type=\"heading.default\">\n\t\t\t\t<div class=\"elementor-widget-container\">\n\t\t\t\t\t<h1 class=\"elementor-heading-title elementor-size-default\">Thalasso weekend : <\/br> 7 reasons to book your wellness break\n<\/h1>\t\t\t\t<\/div>\n\t\t\t\t<\/div>\n\t\t\t\t<div class=\"elementor-element elementor-element-f63eed9 elementor-view-default elementor-widget elementor-widget-icon\" data-id=\"f63eed9\" data-element_type=\"widget\" data-widget_type=\"icon.default\">\n\t\t\t\t<div class=\"elementor-widget-container\">\n\t\t\t\t\t\t\t<div class=\"elementor-icon-wrapper\">\n\t\t\t<div class=\"elementor-icon\">\n\t\t\t<svg xmlns=\"http:\/\/www.w3.org\/2000\/svg\" width=\"4721\" height=\"1024\" viewbox=\"0 0 4721 1024\"><title><\/title><g id=\"icomoon-ignore\"><\/g><path d=\"M4719.542 686.137c-14.578-16.391-29.63-30.797-45.731-43.933l-0.218-0.176c-122.573-60.482-570.066-175.569-966.051-221.99-367.583-47.829-787.155-60.53-1213.579-30.621-77.228 5.417-154.039 12.186-230.41 20.283l11.070-1.091c-681.528 68.27-1275.654 115.060-1579.65 85.212-377.404-36.852-611.317-125.343-675.959-162.385l-7.504 2.445c141.201 115.371 309.437 199.358 492.55 241.439l8.695 1.64c377.96 99.496 793.208 119.621 1398.815 54.117 647.481-70.36 1808.145-238.118 2823.135 70.626z\"><\/path><\/svg>\t\t\t<\/div>\n\t\t<\/div>\n\t\t\t\t\t\t<\/div>\n\t\t\t\t<\/div>\n\t\t\t\t\t<\/div>\n\t\t\t\t<\/div>\n\t\t\t\t<\/div>\n\t\t<div class=\"elementor-element elementor-element-afe7dfb e-flex e-con-boxed e-con e-parent\" data-id=\"afe7dfb\" data-element_type=\"container\">\n\t\t\t\t\t<div class=\"e-con-inner\">\n\t\t\t\t<div class=\"elementor-element elementor-element-c94f5f1 elementor-widget elementor-widget-text-editor\" data-id=\"c94f5f1\" data-element_type=\"widget\" data-widget_type=\"text-editor.default\">\n\t\t\t\t<div class=\"elementor-widget-container\">\n\t\t\t\t\t\t\t\t\t<p>Dreaming of a revitalising holiday by the sea? A thalasso weekend is the answer to your quest for well-being. The Ibis Styles Biarritz Plage hotel and its exclusive partner, the Thalmar thalassotherapy centre, open the doors to an invigorating and unique experience. Here are just a few reasons to escape to the Basque Coast for some precious moments of relaxation and guilt-free pampering.<\/p>\t\t\t\t\t\t\t\t<\/div>\n\t\t\t\t<\/div>\n\t\t\t\t\t<\/div>\n\t\t\t\t<\/div>\n\t\t<div class=\"elementor-element elementor-element-538bc11 e-flex e-con-boxed e-con e-parent\" data-id=\"538bc11\" data-element_type=\"container\">\n\t\t\t\t\t<div class=\"e-con-inner\">\n\t\t<div class=\"elementor-element elementor-element-b1cbfd2 e-con-full e-flex e-con e-child\" data-id=\"b1cbfd2\" data-element_type=\"container\">\n\t\t\t\t<div class=\"elementor-element elementor-element-374e43c elementor-widget elementor-widget-heading\" data-id=\"374e43c\" data-element_type=\"widget\" data-widget_type=\"heading.default\">\n\t\t\t\t<div class=\"elementor-widget-container\">\n\t\t\t\t\t<h2 class=\"elementor-heading-title elementor-size-default\">Regenerate your mind by the ocean<\/h2>\t\t\t\t<\/div>\n\t\t\t\t<\/div>\n\t\t\t\t<div class=\"elementor-element elementor-element-0a8ecd3 elementor-widget elementor-widget-text-editor\" data-id=\"0a8ecd3\" data-element_type=\"widget\" data-widget_type=\"text-editor.default\">\n\t\t\t\t<div class=\"elementor-widget-container\">\n\t\t\t\t\t\t\t\t\t<p>The pure, invigorating sea air of Biarritz is an invitation to escape: take a deep breath of energy as soon as you arrive in the famous seaside resort. As well as thalasso treatments, the town offers access to the beauty of the Atlantic coastline and a range of seaside activities. Take a stroll along the Milady beach from the hotel, or walk along the legendary C\u00f4te des Basques beach.<\/p>\t\t\t\t\t\t\t\t<\/div>\n\t\t\t\t<\/div>\n\t\t\t\t<div class=\"elementor-element elementor-element-78321f3 elementor-widget elementor-widget-heading\" data-id=\"78321f3\" data-element_type=\"widget\" data-widget_type=\"heading.default\">\n\t\t\t\t<div class=\"elementor-widget-container\">\n\t\t\t\t\t<h2 class=\"elementor-heading-title elementor-size-default\">Relieve muscle and joint pain<\/h2>\t\t\t\t<\/div>\n\t\t\t\t<\/div>\n\t\t\t\t<div class=\"elementor-element elementor-element-363bd13 elementor-widget elementor-widget-text-editor\" data-id=\"363bd13\" data-element_type=\"widget\" data-widget_type=\"text-editor.default\">\n\t\t\t\t<div class=\"elementor-widget-container\">\n\t\t\t\t\t\t\t\t\t<p>Take advantage of the anti-inflammatory properties of seawater to naturally soothe muscle aches and arthritis during a weekend at the thalasso. Seaweed wraps and targeted massages are also excellent options for improving blood and lymph circulation.<\/p>\t\t\t\t\t\t\t\t<\/div>\n\t\t\t\t<\/div>\n\t\t\t\t<div class=\"elementor-element elementor-element-14893e3 elementor-widget elementor-widget-heading\" data-id=\"14893e3\" data-element_type=\"widget\" data-widget_type=\"heading.default\">\n\t\t\t\t<div class=\"elementor-widget-container\">\n\t\t\t\t\t<h2 class=\"elementor-heading-title elementor-size-default\">Soothe your senses with hydromassage baths<\/h2>\t\t\t\t<\/div>\n\t\t\t\t<\/div>\n\t\t\t\t<div class=\"elementor-element elementor-element-91616bb elementor-widget elementor-widget-text-editor\" data-id=\"91616bb\" data-element_type=\"widget\" data-widget_type=\"text-editor.default\">\n\t\t\t\t<div class=\"elementor-widget-container\">\n\t\t\t\t\t\t\t\t\t<p>Hydromassage baths are one of the major assets of thalassotherapy. Heated seawater, enriched with minerals, helps to oxygenate the cells and eliminate toxins. You'll feel renewed energy and vitality after each session, while enjoying the relaxing effects on the senses.<\/p>\t\t\t\t\t\t\t\t<\/div>\n\t\t\t\t<\/div>\n\t\t\t\t<div class=\"elementor-element elementor-element-1f538b4 elementor-widget elementor-widget-heading\" data-id=\"1f538b4\" data-element_type=\"widget\" data-widget_type=\"heading.default\">\n\t\t\t\t<div class=\"elementor-widget-container\">\n\t\t\t\t\t<h2 class=\"elementor-heading-title elementor-size-default\">Bringing your body back into balance with mineral salts\n<\/h2>\t\t\t\t<\/div>\n\t\t\t\t<\/div>\n\t\t\t\t<div class=\"elementor-element elementor-element-edd0c8d elementor-widget elementor-widget-text-editor\" data-id=\"edd0c8d\" data-element_type=\"widget\" data-widget_type=\"text-editor.default\">\n\t\t\t\t<div class=\"elementor-widget-container\">\n\t\t\t\t\t\t\t\t\t<p>Seawater is overflowing with minerals and trace elements essential to the human body (iron, zinc, calcium, sodium, chromium, iodine, etc.). Mud- and seaweed-based treatments wrap you in these natural treasures, helping to balance your body from the inside out and boost your vitality.<\/p>\t\t\t\t\t\t\t\t<\/div>\n\t\t\t\t<\/div>\n\t\t\t\t<div class=\"elementor-element elementor-element-b781c4d elementor-widget elementor-widget-heading\" data-id=\"b781c4d\" data-element_type=\"widget\" data-widget_type=\"heading.default\">\n\t\t\t\t<div class=\"elementor-widget-container\">\n\t\t\t\t\t<h2 class=\"elementor-heading-title elementor-size-default\">Letting go during a thalasso weekend\n<\/h2>\t\t\t\t<\/div>\n\t\t\t\t<\/div>\n\t\t\t\t<div class=\"elementor-element elementor-element-df1931e elementor-widget elementor-widget-text-editor\" data-id=\"df1931e\" data-element_type=\"widget\" data-widget_type=\"text-editor.default\">\n\t\t\t\t<div class=\"elementor-widget-container\">\n\t\t\t\t\t\t\t\t\t<p>Thalasso holidays are designed to reduce stress and release tension. You feel liberated from the worries of everyday life, ready to face each day with serenity.<\/p>\t\t\t\t\t\t\t\t<\/div>\n\t\t\t\t<\/div>\n\t\t\t\t<div class=\"elementor-element elementor-element-08ae010 elementor-widget elementor-widget-heading\" data-id=\"08ae010\" data-element_type=\"widget\" data-widget_type=\"heading.default\">\n\t\t\t\t<div class=\"elementor-widget-container\">\n\t\t\t\t\t<h2 class=\"elementor-heading-title elementor-size-default\">Restore radiant skin with face and body care\n<\/h2>\t\t\t\t<\/div>\n\t\t\t\t<\/div>\n\t\t\t\t<div class=\"elementor-element elementor-element-0e3a239 elementor-widget elementor-widget-text-editor\" data-id=\"0e3a239\" data-element_type=\"widget\" data-widget_type=\"text-editor.default\">\n\t\t\t\t<div class=\"elementor-widget-container\">\n\t\t\t\t\t\t\t\t\t<p>Enjoy tailor-made beauty rituals for the face and body during your thalasso weekend. These treatments, combining expertise and quality products, allow you to care for your skin, for a fresh, radiant complexion. Protocols using seawater are particularly renowned for their ability to soothe irritation and exfoliate dead skin cells.<\/p>\t\t\t\t\t\t\t\t<\/div>\n\t\t\t\t<\/div>\n\t\t\t\t<div class=\"elementor-element elementor-element-85c1f6f elementor-widget elementor-widget-heading\" data-id=\"85c1f6f\" data-element_type=\"widget\" data-widget_type=\"heading.default\">\n\t\t\t\t<div class=\"elementor-widget-container\">\n\t\t\t\t\t<h2 class=\"elementor-heading-title elementor-size-default\">Enjoy the culinary delights of the Atlantic coast\n<\/h2>\t\t\t\t<\/div>\n\t\t\t\t<\/div>\n\t\t\t\t<div class=\"elementor-element elementor-element-24b0602 elementor-widget elementor-widget-text-editor\" data-id=\"24b0602\" data-element_type=\"widget\" data-widget_type=\"text-editor.default\">\n\t\t\t\t<div class=\"elementor-widget-container\">\n\t\t\t\t\t\t\t\t\t<p>When you visit the Basque Coast, don't miss out on tasty fresh seafood and other regional delights. The local produce is an invitation to gastronomic discovery and gustatory pleasure; an excellent way to enjoy a short break on the Atlantic coast.<\/p><p>A weekend at a thalasso is the ideal opportunity to recharge your energy and recharge your batteries. Your stay at the Ibis Styles Biarritz Plage hotel is much more than a simple getaway, it's a journey for the senses, between relaxation, treatments and escape. Our personalised packages allow you to build your experience \u00e0 la carte, during a cure lasting just a few days. The options are as varied as your desires, giving you the chance to combine treatments with outdoor activities to discover the region.<\/p>\t\t\t\t\t\t\t\t<\/div>\n\t\t\t\t<\/div>\n\t\t\t\t<\/div>\n\t\t\t\t\t<\/div>\n\t\t\t\t<\/div>\n\t\t<div class=\"elementor-element elementor-element-82819f1 e-con-full e-flex e-con e-parent\" data-id=\"82819f1\" data-element_type=\"container\">\n\t\t<div class=\"elementor-element elementor-element-6bbccd3 e-con-full e-flex e-con e-child\" data-id=\"6bbccd3\" data-element_type=\"container\">\n\t\t<div class=\"elementor-element elementor-element-2ba3558 e-flex e-con-boxed e-con e-child\" data-id=\"2ba3558\" data-element_type=\"container\" data-settings=\"{&quot;background_background&quot;:&quot;classic&quot;}\">\n\t\t\t\t\t<div class=\"e-con-inner\">\n\t\t\t\t<div class=\"elementor-element elementor-element-08c9809 elementor-widget elementor-widget-image\" data-id=\"08c9809\" data-element_type=\"widget\" data-widget_type=\"image.default\">\n\t\t\t\t<div class=\"elementor-widget-container\">\n\t\t\t\t\t\t\t\t\t\t\t\t\t\t\t<img fetchpriority=\"high\" decoding=\"async\" width=\"2000\" height=\"1333\" src=\"https:\/\/hotellebiarritz.maintenance.madare.dev\/wp-content\/uploads\/2024\/05\/2024.04.30-Shooting-Hotellerie-Le-Biarritrz-WEB-63.jpg\" class=\"attachment-full size-full wp-image-3982\" alt=\"\" srcset=\"https:\/\/hotellebiarritz.maintenance.madare.dev\/wp-content\/uploads\/2024\/05\/2024.04.30-Shooting-Hotellerie-Le-Biarritrz-WEB-63.jpg 2000w, https:\/\/hotellebiarritz.maintenance.madare.dev\/wp-content\/uploads\/2024\/05\/2024.04.30-Shooting-Hotellerie-Le-Biarritrz-WEB-63-300x200.jpg 300w, https:\/\/hotellebiarritz.maintenance.madare.dev\/wp-content\/uploads\/2024\/05\/2024.04.30-Shooting-Hotellerie-Le-Biarritrz-WEB-63-1024x682.jpg 1024w, https:\/\/hotellebiarritz.maintenance.madare.dev\/wp-content\/uploads\/2024\/05\/2024.04.30-Shooting-Hotellerie-Le-Biarritrz-WEB-63-768x512.jpg 768w, https:\/\/hotellebiarritz.maintenance.madare.dev\/wp-content\/uploads\/2024\/05\/2024.04.30-Shooting-Hotellerie-Le-Biarritrz-WEB-63-1536x1024.jpg 1536w, https:\/\/hotellebiarritz.maintenance.madare.dev\/wp-content\/uploads\/2024\/05\/2024.04.30-Shooting-Hotellerie-Le-Biarritrz-WEB-63-18x12.jpg 18w\" sizes=\"(max-width: 2000px) 100vw, 2000px\" title=\"\">\t\t\t\t\t\t\t\t\t\t\t\t\t\t\t<\/div>\n\t\t\t\t<\/div>\n\t\t\t\t\t<\/div>\n\t\t\t\t<\/div>\n\t\t\t\t<\/div>\n\t\t\t\t<\/div>\n\t\t<div class=\"elementor-element elementor-element-350e1f7 e-con-full e-flex e-con e-parent\" data-id=\"350e1f7\" data-element_type=\"container\">\n\t\t<div class=\"elementor-element elementor-element-6b5a842 e-con-full e-flex e-con e-child\" data-id=\"6b5a842\" data-element_type=\"container\">\n\t\t\t\t<div class=\"elementor-element elementor-element-d6d64f1 elementor-widget elementor-widget-heading\" data-id=\"d6d64f1\" data-element_type=\"widget\" data-widget_type=\"heading.default\">\n\t\t\t\t<div class=\"elementor-widget-container\">\n\t\t\t\t\t<h2 class=\"elementor-heading-title elementor-size-default\">Find out more <\/h2>\t\t\t\t<\/div>\n\t\t\t\t<\/div>\n\t\t\t\t<div class=\"elementor-element elementor-element-0ff7496 elementor-view-default elementor-widget elementor-widget-icon\" data-id=\"0ff7496\" data-element_type=\"widget\" data-widget_type=\"icon.default\">\n\t\t\t\t<div class=\"elementor-widget-container\">\n\t\t\t\t\t\t\t<div class=\"elementor-icon-wrapper\">\n\t\t\t<div class=\"elementor-icon\">\n\t\t\t<svg xmlns=\"http:\/\/www.w3.org\/2000\/svg\" width=\"4721\" height=\"1024\" viewbox=\"0 0 4721 1024\"><title><\/title><g id=\"icomoon-ignore\"><\/g><path d=\"M4719.542 686.137c-14.578-16.391-29.63-30.797-45.731-43.933l-0.218-0.176c-122.573-60.482-570.066-175.569-966.051-221.99-367.583-47.829-787.155-60.53-1213.579-30.621-77.228 5.417-154.039 12.186-230.41 20.283l11.070-1.091c-681.528 68.27-1275.654 115.060-1579.65 85.212-377.404-36.852-611.317-125.343-675.959-162.385l-7.504 2.445c141.201 115.371 309.437 199.358 492.55 241.439l8.695 1.64c377.96 99.496 793.208 119.621 1398.815 54.117 647.481-70.36 1808.145-238.118 2823.135 70.626z\"><\/path><\/svg>\t\t\t<\/div>\n\t\t<\/div>\n\t\t\t\t\t\t<\/div>\n\t\t\t\t<\/div>\n\t\t\t\t<\/div>\n\t\t<div class=\"elementor-element elementor-element-07b21db e-con-full e-flex e-con e-child\" data-id=\"07b21db\" data-element_type=\"container\">\n\t\t\t\t<div class=\"elementor-element elementor-element-402db58 elementor-cta--skin-cover elementor-widget__width-auto cta-fond-anim btn-cta-wave elementor-widget elementor-widget-call-to-action\" data-id=\"402db58\" data-element_type=\"widget\" data-widget_type=\"call-to-action.default\">\n\t\t\t\t<div class=\"elementor-widget-container\">\n\t\t\t\t\t\t\t<div class=\"elementor-cta\">\n\t\t\t\t\t<div class=\"elementor-cta__bg-wrapper\">\n\t\t\t\t<div class=\"elementor-cta__bg elementor-bg\" style=\"background-image: url(https:\/\/hotellebiarritz.maintenance.madare.dev\/wp-content\/uploads\/2023\/09\/iStock-1455242825-1024x683.jpg);\" role=\"img\" aria-label=\"January 4, 2023. Bali, Indonesia. Man in tropical ocean during surfing. Surfer ride on surfboard on blue wave.\"><\/div>\n\t\t\t\t<div class=\"elementor-cta__bg-overlay\"><\/div>\n\t\t\t<\/div>\n\t\t\t\t\t\t\t<div class=\"elementor-cta__content\">\n\t\t\t\t\n\t\t\t\t\t\t\t\t\t<h2 class=\"elementor-cta__title elementor-cta__content-item elementor-content-item\">\n\t\t\t\t\t\tSurfing in Biarritz\t\t\t\t\t<\/h2>\n\t\t\t\t\n\t\t\t\t\n\t\t\t\t\t\t\t\t\t<div class=\"elementor-cta__button-wrapper elementor-cta__content-item elementor-content-item\">\n\t\t\t\t\t<a class=\"elementor-cta__button elementor-button elementor-size-\" href=\"https:\/\/hotellebiarritz.maintenance.madare.dev\/en\/tourism-activities-biarritz\/surfing-in-biarritz\/\">\n\t\t\t\t\t\tFind out more\t\t\t\t\t<\/a>\n\t\t\t\t\t<\/div>\n\t\t\t\t\t\t\t<\/div>\n\t\t\t\t\t\t<\/div>\n\t\t\t\t\t\t<\/div>\n\t\t\t\t<\/div>\n\t\t\t\t<\/div>\n\t\t<div class=\"elementor-element elementor-element-cb3b259 e-con-full e-flex e-con e-child\" data-id=\"cb3b259\" data-element_type=\"container\">\n\t\t\t\t<div class=\"elementor-element elementor-element-288d29c elementor-cta--skin-cover elementor-widget__width-auto cta-fond-anim btn-cta-wave elementor-widget elementor-widget-call-to-action\" data-id=\"288d29c\" data-element_type=\"widget\" data-widget_type=\"call-to-action.default\">\n\t\t\t\t<div class=\"elementor-widget-container\">\n\t\t\t\t\t\t\t<div class=\"elementor-cta\">\n\t\t\t\t\t<div class=\"elementor-cta__bg-wrapper\">\n\t\t\t\t<div class=\"elementor-cta__bg elementor-bg\" style=\"background-image: url(https:\/\/hotellebiarritz.maintenance.madare.dev\/wp-content\/uploads\/2023\/09\/iStock-1145421442-1024x683.jpg);\" role=\"img\" aria-label=\"Phare de Biarritz is a lighthouse in Biarritz city in France\"><\/div>\n\t\t\t\t<div class=\"elementor-cta__bg-overlay\"><\/div>\n\t\t\t<\/div>\n\t\t\t\t\t\t\t<div class=\"elementor-cta__content\">\n\t\t\t\t\n\t\t\t\t\t\t\t\t\t<h2 class=\"elementor-cta__title elementor-cta__content-item elementor-content-item\">\n\t\t\t\t\t\tCulture &amp; Heritage\t\t\t\t\t<\/h2>\n\t\t\t\t\n\t\t\t\t\n\t\t\t\t\t\t\t\t\t<div class=\"elementor-cta__button-wrapper elementor-cta__content-item elementor-content-item\">\n\t\t\t\t\t<a class=\"elementor-cta__button elementor-button elementor-size-\" href=\"https:\/\/hotellebiarritz.maintenance.madare.dev\/en\/tourism-activities-biarritz\/culture-heritage-what-to-do-in-biarritz\/\">\n\t\t\t\t\t\tFind out more\t\t\t\t\t<\/a>\n\t\t\t\t\t<\/div>\n\t\t\t\t\t\t\t<\/div>\n\t\t\t\t\t\t<\/div>\n\t\t\t\t\t\t<\/div>\n\t\t\t\t<\/div>\n\t\t\t\t<\/div>\n\t\t<div class=\"elementor-element elementor-element-574ea96 e-con-full e-flex e-con e-child\" data-id=\"574ea96\" data-element_type=\"container\">\n\t\t\t\t<div class=\"elementor-element elementor-element-95bf07d elementor-cta--skin-cover elementor-widget__width-auto cta-fond-anim btn-cta-wave elementor-widget elementor-widget-call-to-action\" data-id=\"95bf07d\" data-element_type=\"widget\" data-widget_type=\"call-to-action.default\">\n\t\t\t\t<div class=\"elementor-widget-container\">\n\t\t\t\t\t\t\t<div class=\"elementor-cta\">\n\t\t\t\t\t<div class=\"elementor-cta__bg-wrapper\">\n\t\t\t\t<div class=\"elementor-cta__bg elementor-bg\" style=\"background-image: url(https:\/\/hotellebiarritz.maintenance.madare.dev\/wp-content\/uploads\/2023\/09\/iStock-1187808826-1024x576.jpg);\" role=\"img\" aria-label=\"She looks out to mountain ranges in distance\"><\/div>\n\t\t\t\t<div class=\"elementor-cta__bg-overlay\"><\/div>\n\t\t\t<\/div>\n\t\t\t\t\t\t\t<div class=\"elementor-cta__content\">\n\t\t\t\t\n\t\t\t\t\t\t\t\t\t<h2 class=\"elementor-cta__title elementor-cta__content-item elementor-content-item\">\n\t\t\t\t\t\tWalks in the Basque Country\t\t\t\t\t<\/h2>\n\t\t\t\t\n\t\t\t\t\n\t\t\t\t\t\t\t\t\t<div class=\"elementor-cta__button-wrapper elementor-cta__content-item elementor-content-item\">\n\t\t\t\t\t<a class=\"elementor-cta__button elementor-button elementor-size-\" href=\"https:\/\/hotellebiarritz.maintenance.madare.dev\/en\/tourism-activities-biarritz\/walks-in-the-basque-country-visit-biarritz\/\">\n\t\t\t\t\t\tFind out more\t\t\t\t\t<\/a>\n\t\t\t\t\t<\/div>\n\t\t\t\t\t\t\t<\/div>\n\t\t\t\t\t\t<\/div>\n\t\t\t\t\t\t<\/div>\n\t\t\t\t<\/div>\n\t\t\t\t<\/div>\n\t\t\t\t<\/div>\n\t\t\t\t<\/div>","protected":false},"excerpt":{"rendered":"<p>Week-end en thalasso : 7 raisons de r\u00e9server votre escapade bien-\u00eatre Vous r\u00eavez d\u2019un s\u00e9jour revitalisant en bord de mer\u00a0? Un week-end en thalasso est la r\u00e9ponse \u00e0 votre qu\u00eate de bien-\u00eatre. L\u2019h\u00f4tel Ibis Styles Biarritz Plage et son partenaire exclusif, le centre de thalassoth\u00e9rapie Thalmar, vous ouvrent les portes d\u2019une exp\u00e9rience vivifiante et unique. [&hellip;]<\/p>","protected":false},"author":21,"featured_media":0,"parent":365,"menu_order":0,"comment_status":"closed","ping_status":"closed","template":"","meta":{"inline_featured_image":false,"footnotes":""},"class_list":["post-4460","page","type-page","status-publish","hentry"],"_links":{"self":[{"href":"https:\/\/hotellebiarritz.maintenance.madare.dev\/en\/wp-json\/wp\/v2\/pages\/4460","targetHints":{"allow":["GET"]}}],"collection":[{"href":"https:\/\/hotellebiarritz.maintenance.madare.dev\/en\/wp-json\/wp\/v2\/pages"}],"about":[{"href":"https:\/\/hotellebiarritz.maintenance.madare.dev\/en\/wp-json\/wp\/v2\/types\/page"}],"author":[{"embeddable":true,"href":"https:\/\/hotellebiarritz.maintenance.madare.dev\/en\/wp-json\/wp\/v2\/users\/21"}],"replies":[{"embeddable":true,"href":"https:\/\/hotellebiarritz.maintenance.madare.dev\/en\/wp-json\/wp\/v2\/comments?post=4460"}],"version-history":[{"count":6,"href":"https:\/\/hotellebiarritz.maintenance.madare.dev\/en\/wp-json\/wp\/v2\/pages\/4460\/revisions"}],"predecessor-version":[{"id":4594,"href":"https:\/\/hotellebiarritz.maintenance.madare.dev\/en\/wp-json\/wp\/v2\/pages\/4460\/revisions\/4594"}],"up":[{"embeddable":true,"href":"https:\/\/hotellebiarritz.maintenance.madare.dev\/en\/wp-json\/wp\/v2\/pages\/365"}],"wp:attachment":[{"href":"https:\/\/hotellebiarritz.maintenance.madare.dev\/en\/wp-json\/wp\/v2\/media?parent=4460"}],"curies":[{"name":"wp","href":"https:\/\/api.w.org\/{rel}","templated":true}]}}