{"id":365,"date":"2023-08-02T10:52:20","date_gmt":"2023-08-02T08:52:20","guid":{"rendered":"https:\/\/hotellebiarritz.maintenance.madare.dev\/tourisme-activites\/"},"modified":"2025-11-21T17:52:19","modified_gmt":"2025-11-21T16:52:19","slug":"tourism-activities-biarritz","status":"publish","type":"page","link":"https:\/\/hotellebiarritz.maintenance.madare.dev\/en\/tourism-activities-biarritz\/","title":{"rendered":"Tourism &amp; activities"},"content":{"rendered":"<div data-elementor-type=\"wp-page\" data-elementor-id=\"365\" class=\"elementor elementor-365\" data-elementor-post-type=\"page\">\n\t\t\t\t<div class=\"elementor-element elementor-element-3f90412d e-con-full e-flex e-con e-parent\" data-id=\"3f90412d\" data-element_type=\"container\" data-settings=\"{&quot;background_background&quot;:&quot;classic&quot;}\">\n\t\t<div class=\"elementor-element elementor-element-716572bd e-flex e-con-boxed e-con e-child\" data-id=\"716572bd\" data-element_type=\"container\">\n\t\t\t\t\t<div class=\"e-con-inner\">\n\t\t\t\t<div class=\"elementor-element elementor-element-15d80491 elementor-widget elementor-widget-heading\" data-id=\"15d80491\" data-element_type=\"widget\" data-widget_type=\"heading.default\">\n\t\t\t\t<div class=\"elementor-widget-container\">\n\t\t\t\t\t<div class=\"elementor-heading-title elementor-size-default\">Tourism &amp; Activities<\/div>\t\t\t\t<\/div>\n\t\t\t\t<\/div>\n\t\t\t\t<div class=\"elementor-element elementor-element-12804912 elementor-view-default elementor-widget elementor-widget-icon\" data-id=\"12804912\" data-element_type=\"widget\" data-widget_type=\"icon.default\">\n\t\t\t\t<div class=\"elementor-widget-container\">\n\t\t\t\t\t\t\t<div class=\"elementor-icon-wrapper\">\n\t\t\t<div class=\"elementor-icon\">\n\t\t\t<svg xmlns=\"http:\/\/www.w3.org\/2000\/svg\" width=\"4721\" height=\"1024\" viewbox=\"0 0 4721 1024\"><title><\/title><g id=\"icomoon-ignore\"><\/g><path d=\"M4719.542 686.137c-14.578-16.391-29.63-30.797-45.731-43.933l-0.218-0.176c-122.573-60.482-570.066-175.569-966.051-221.99-367.583-47.829-787.155-60.53-1213.579-30.621-77.228 5.417-154.039 12.186-230.41 20.283l11.070-1.091c-681.528 68.27-1275.654 115.060-1579.65 85.212-377.404-36.852-611.317-125.343-675.959-162.385l-7.504 2.445c141.201 115.371 309.437 199.358 492.55 241.439l8.695 1.64c377.96 99.496 793.208 119.621 1398.815 54.117 647.481-70.36 1808.145-238.118 2823.135 70.626z\"><\/path><\/svg>\t\t\t<\/div>\n\t\t<\/div>\n\t\t\t\t\t\t<\/div>\n\t\t\t\t<\/div>\n\t\t\t\t\t<\/div>\n\t\t\t\t<\/div>\n\t\t\t\t<\/div>\n\t\t<div class=\"elementor-element elementor-element-2ffc57a4 e-flex e-con-boxed e-con e-parent\" data-id=\"2ffc57a4\" data-element_type=\"container\">\n\t\t\t\t\t<div class=\"e-con-inner\">\n\t\t<div class=\"elementor-element elementor-element-290e5f6b e-con-full e-flex e-con e-child\" data-id=\"290e5f6b\" data-element_type=\"container\">\n\t\t<div class=\"elementor-element elementor-element-62ca11cd e-flex e-con-boxed e-con e-child\" data-id=\"62ca11cd\" data-element_type=\"container\" data-settings=\"{&quot;background_background&quot;:&quot;classic&quot;}\">\n\t\t\t\t\t<div class=\"e-con-inner\">\n\t\t\t\t<div class=\"elementor-element elementor-element-39087e92 elementor-widget elementor-widget-image\" data-id=\"39087e92\" data-element_type=\"widget\" data-widget_type=\"image.default\">\n\t\t\t\t<div class=\"elementor-widget-container\">\n\t\t\t\t\t\t\t\t\t\t\t\t\t\t\t<img fetchpriority=\"high\" decoding=\"async\" width=\"2234\" height=\"1772\" src=\"https:\/\/hotellebiarritz.maintenance.madare.dev\/wp-content\/uploads\/2023\/09\/vue-aerienne.jpg\" class=\"attachment-full size-full wp-image-3097\" alt=\"\" srcset=\"https:\/\/hotellebiarritz.maintenance.madare.dev\/wp-content\/uploads\/2023\/09\/vue-aerienne.jpg 2234w, https:\/\/hotellebiarritz.maintenance.madare.dev\/wp-content\/uploads\/2023\/09\/vue-aerienne-300x238.jpg 300w, https:\/\/hotellebiarritz.maintenance.madare.dev\/wp-content\/uploads\/2023\/09\/vue-aerienne-1024x812.jpg 1024w, https:\/\/hotellebiarritz.maintenance.madare.dev\/wp-content\/uploads\/2023\/09\/vue-aerienne-768x609.jpg 768w, https:\/\/hotellebiarritz.maintenance.madare.dev\/wp-content\/uploads\/2023\/09\/vue-aerienne-1536x1218.jpg 1536w, https:\/\/hotellebiarritz.maintenance.madare.dev\/wp-content\/uploads\/2023\/09\/vue-aerienne-2048x1624.jpg 2048w, https:\/\/hotellebiarritz.maintenance.madare.dev\/wp-content\/uploads\/2023\/09\/vue-aerienne-15x12.jpg 15w\" sizes=\"(max-width: 2234px) 100vw, 2234px\" title=\"\">\t\t\t\t\t\t\t\t\t\t\t\t\t\t\t<\/div>\n\t\t\t\t<\/div>\n\t\t\t\t\t<\/div>\n\t\t\t\t<\/div>\n\t\t\t\t<\/div>\n\t\t<div class=\"elementor-element elementor-element-3adc4d8b e-con-full e-flex e-con e-child\" data-id=\"3adc4d8b\" data-element_type=\"container\">\n\t\t<div class=\"elementor-element elementor-element-628bb72b e-flex e-con-boxed e-con e-child\" data-id=\"628bb72b\" data-element_type=\"container\">\n\t\t\t\t\t<div class=\"e-con-inner\">\n\t\t\t\t<div class=\"elementor-element elementor-element-bce689e elementor-widget elementor-widget-heading\" data-id=\"bce689e\" data-element_type=\"widget\" data-widget_type=\"heading.default\">\n\t\t\t\t<div class=\"elementor-widget-container\">\n\t\t\t\t\t<h1 class=\"elementor-heading-title elementor-size-default\">Your activities in Biarritz<\/h1>\t\t\t\t<\/div>\n\t\t\t\t<\/div>\n\t\t\t\t<div class=\"elementor-element elementor-element-2e4957d5 elementor-widget__width-inherit elementor-widget elementor-widget-heading\" data-id=\"2e4957d5\" data-element_type=\"widget\" data-widget_type=\"heading.default\">\n\t\t\t\t<div class=\"elementor-widget-container\">\n\t\t\t\t\t<h2 class=\"elementor-heading-title elementor-size-default\">A holiday combining well-being and sport<\/h2>\t\t\t\t<\/div>\n\t\t\t\t<\/div>\n\t\t\t\t<div class=\"elementor-element elementor-element-13b6832b elementor-widget elementor-widget-text-editor\" data-id=\"13b6832b\" data-element_type=\"widget\" data-widget_type=\"text-editor.default\">\n\t\t\t\t<div class=\"elementor-widget-container\">\n\t\t\t\t\t\t\t\t\t<p>Visit the Basque Coast and discover the power of the ocean and the warmth of the Basque Country. A unique region with so much to offer. Whether in terms of culture, history, landscapes or gastronomy, the Basque Country and its coast are regions of character, strong and welcoming. Take the opportunity to discover the charm of the towns along the coast. Anglet and its wild character, Bayonne and its famous festivals, Biarritz and its traditional Basque houses, Saint-Jean-de-Luz and its magnificent fishing port, or Gu\u00e9thary, Bidart and Hendaye.<\/p>\t\t\t\t\t\t\t\t<\/div>\n\t\t\t\t<\/div>\n\t\t\t\t\t<\/div>\n\t\t\t\t<\/div>\n\t\t\t\t<\/div>\n\t\t\t\t\t<\/div>\n\t\t\t\t<\/div>\n\t\t<div class=\"elementor-element elementor-element-70705439 e-flex e-con-boxed e-con e-parent\" data-id=\"70705439\" data-element_type=\"container\">\n\t\t\t\t\t<div class=\"e-con-inner\">\n\t\t\t\t<div class=\"elementor-element elementor-element-6bfd34a elementor-widget elementor-widget-heading\" data-id=\"6bfd34a\" data-element_type=\"widget\" data-widget_type=\"heading.default\">\n\t\t\t\t<div class=\"elementor-widget-container\">\n\t\t\t\t\t<h2 class=\"elementor-heading-title elementor-size-default\">Things to see and do<\/h2>\t\t\t\t<\/div>\n\t\t\t\t<\/div>\n\t\t\t\t<div class=\"elementor-element elementor-element-68817fc1 elementor-view-default elementor-widget elementor-widget-icon\" data-id=\"68817fc1\" data-element_type=\"widget\" data-widget_type=\"icon.default\">\n\t\t\t\t<div class=\"elementor-widget-container\">\n\t\t\t\t\t\t\t<div class=\"elementor-icon-wrapper\">\n\t\t\t<div class=\"elementor-icon\">\n\t\t\t<svg xmlns=\"http:\/\/www.w3.org\/2000\/svg\" width=\"4721\" height=\"1024\" viewbox=\"0 0 4721 1024\"><title><\/title><g id=\"icomoon-ignore\"><\/g><path d=\"M4719.542 686.137c-14.578-16.391-29.63-30.797-45.731-43.933l-0.218-0.176c-122.573-60.482-570.066-175.569-966.051-221.99-367.583-47.829-787.155-60.53-1213.579-30.621-77.228 5.417-154.039 12.186-230.41 20.283l11.070-1.091c-681.528 68.27-1275.654 115.060-1579.65 85.212-377.404-36.852-611.317-125.343-675.959-162.385l-7.504 2.445c141.201 115.371 309.437 199.358 492.55 241.439l8.695 1.64c377.96 99.496 793.208 119.621 1398.815 54.117 647.481-70.36 1808.145-238.118 2823.135 70.626z\"><\/path><\/svg>\t\t\t<\/div>\n\t\t<\/div>\n\t\t\t\t\t\t<\/div>\n\t\t\t\t<\/div>\n\t\t<div class=\"elementor-element elementor-element-59e1cfbd e-flex e-con-boxed e-con e-child\" data-id=\"59e1cfbd\" data-element_type=\"container\">\n\t\t\t\t\t<div class=\"e-con-inner\">\n\t\t\t\t<div class=\"elementor-element elementor-element-5f1cd7f9 elementor-cta--skin-cover elementor-cta--valign-bottom elementor-widget__width-initial cta-texte-gauche btn-hidden btn-arrow elementor-bg-transform elementor-bg-transform-zoom-in elementor-widget elementor-widget-call-to-action\" data-id=\"5f1cd7f9\" data-element_type=\"widget\" data-widget_type=\"call-to-action.default\">\n\t\t\t\t<div class=\"elementor-widget-container\">\n\t\t\t\t\t\t\t<div class=\"elementor-cta\">\n\t\t\t\t\t<div class=\"elementor-cta__bg-wrapper\">\n\t\t\t\t<div class=\"elementor-cta__bg elementor-bg\" style=\"background-image: url(https:\/\/hotellebiarritz.maintenance.madare.dev\/wp-content\/uploads\/2023\/09\/iStock-140074666-1024x757.jpg);\" role=\"img\" aria-label=\"Seaside Golf Courses in Biarritz\"><\/div>\n\t\t\t\t<div class=\"elementor-cta__bg-overlay\"><\/div>\n\t\t\t<\/div>\n\t\t\t\t\t\t\t<div class=\"elementor-cta__content\">\n\t\t\t\t\n\t\t\t\t\t\t\t\t\t<h2 class=\"elementor-cta__title elementor-cta__content-item elementor-content-item\">\n\t\t\t\t\t\tGolf in Biarritz\t\t\t\t\t<\/h2>\n\t\t\t\t\n\t\t\t\t\t\t\t\t\t<div class=\"elementor-cta__description elementor-cta__content-item elementor-content-item\">\n\t\t\t\t\t\tAny golf fan visiting Biarritz must visit the town's golf course, one of the most prestigious in Europe.\t\t\t\t\t<\/div>\n\t\t\t\t\n\t\t\t\t\t\t\t\t\t<div class=\"elementor-cta__button-wrapper elementor-cta__content-item elementor-content-item\">\n\t\t\t\t\t<a class=\"elementor-cta__button elementor-button elementor-size-\" href=\"https:\/\/hotellebiarritz.maintenance.madare.dev\/en\/tourism-activities-biarritz\/golf-in-biarritz\/\">\n\t\t\t\t\t\tDiscover\t\t\t\t\t<\/a>\n\t\t\t\t\t<\/div>\n\t\t\t\t\t\t\t<\/div>\n\t\t\t\t\t\t<\/div>\n\t\t\t\t\t\t<\/div>\n\t\t\t\t<\/div>\n\t\t\t\t<div class=\"elementor-element elementor-element-f577e9f elementor-cta--skin-cover elementor-cta--valign-bottom elementor-widget__width-initial cta-texte-gauche btn-hidden btn-arrow elementor-bg-transform elementor-bg-transform-zoom-in elementor-widget elementor-widget-call-to-action\" data-id=\"f577e9f\" data-element_type=\"widget\" data-widget_type=\"call-to-action.default\">\n\t\t\t\t<div class=\"elementor-widget-container\">\n\t\t\t\t\t\t\t<div class=\"elementor-cta\">\n\t\t\t\t\t<div class=\"elementor-cta__bg-wrapper\">\n\t\t\t\t<div class=\"elementor-cta__bg elementor-bg\" style=\"background-image: url(https:\/\/hotellebiarritz.maintenance.madare.dev\/wp-content\/uploads\/2023\/09\/iStock-1145421442-1024x683.jpg);\" role=\"img\" aria-label=\"Phare de Biarritz is a lighthouse in Biarritz city in France\"><\/div>\n\t\t\t\t<div class=\"elementor-cta__bg-overlay\"><\/div>\n\t\t\t<\/div>\n\t\t\t\t\t\t\t<div class=\"elementor-cta__content\">\n\t\t\t\t\n\t\t\t\t\t\t\t\t\t<h2 class=\"elementor-cta__title elementor-cta__content-item elementor-content-item\">\n\t\t\t\t\t\tCulture &amp; Heritage\t\t\t\t\t<\/h2>\n\t\t\t\t\n\t\t\t\t\t\t\t\t\t<div class=\"elementor-cta__description elementor-cta__content-item elementor-content-item\">\n\t\t\t\t\t\tDiscover the wealth of Basque heritage.\t\t\t\t\t<\/div>\n\t\t\t\t\n\t\t\t\t\t\t\t\t\t<div class=\"elementor-cta__button-wrapper elementor-cta__content-item elementor-content-item\">\n\t\t\t\t\t<a class=\"elementor-cta__button elementor-button elementor-size-\" href=\"https:\/\/hotellebiarritz.maintenance.madare.dev\/en\/tourism-activities-biarritz\/culture-heritage-what-to-do-in-biarritz\/\">\n\t\t\t\t\t\tDiscover\t\t\t\t\t<\/a>\n\t\t\t\t\t<\/div>\n\t\t\t\t\t\t\t<\/div>\n\t\t\t\t\t\t<\/div>\n\t\t\t\t\t\t<\/div>\n\t\t\t\t<\/div>\n\t\t\t\t<div class=\"elementor-element elementor-element-30ffa7c6 elementor-cta--skin-cover elementor-cta--valign-bottom elementor-widget__width-initial cta-texte-gauche btn-hidden btn-arrow elementor-bg-transform elementor-bg-transform-zoom-in elementor-widget elementor-widget-call-to-action\" data-id=\"30ffa7c6\" data-element_type=\"widget\" data-widget_type=\"call-to-action.default\">\n\t\t\t\t<div class=\"elementor-widget-container\">\n\t\t\t\t\t\t\t<div class=\"elementor-cta\">\n\t\t\t\t\t<div class=\"elementor-cta__bg-wrapper\">\n\t\t\t\t<div class=\"elementor-cta__bg elementor-bg\" style=\"background-image: url(https:\/\/hotellebiarritz.maintenance.madare.dev\/wp-content\/uploads\/2023\/09\/iStock-1187808826-1024x576.jpg);\" role=\"img\" aria-label=\"She looks out to mountain ranges in distance\"><\/div>\n\t\t\t\t<div class=\"elementor-cta__bg-overlay\"><\/div>\n\t\t\t<\/div>\n\t\t\t\t\t\t\t<div class=\"elementor-cta__content\">\n\t\t\t\t\n\t\t\t\t\t\t\t\t\t<h2 class=\"elementor-cta__title elementor-cta__content-item elementor-content-item\">\n\t\t\t\t\t\tWalks in the Basque Country\t\t\t\t\t<\/h2>\n\t\t\t\t\n\t\t\t\t\t\t\t\t\t<div class=\"elementor-cta__description elementor-cta__content-item elementor-content-item\">\n\t\t\t\t\t\tTake advantage of your visit to the Basque Country to explore the region's many footpaths.\t\t\t\t\t<\/div>\n\t\t\t\t\n\t\t\t\t\t\t\t\t\t<div class=\"elementor-cta__button-wrapper elementor-cta__content-item elementor-content-item\">\n\t\t\t\t\t<a class=\"elementor-cta__button elementor-button elementor-size-\" href=\"https:\/\/hotellebiarritz.maintenance.madare.dev\/en\/tourism-activities-biarritz\/walks-in-the-basque-country-visit-biarritz\/\">\n\t\t\t\t\t\tDiscover\t\t\t\t\t<\/a>\n\t\t\t\t\t<\/div>\n\t\t\t\t\t\t\t<\/div>\n\t\t\t\t\t\t<\/div>\n\t\t\t\t\t\t<\/div>\n\t\t\t\t<\/div>\n\t\t\t\t<div class=\"elementor-element elementor-element-2cec83fe elementor-cta--skin-cover elementor-cta--valign-bottom elementor-widget__width-initial cta-texte-gauche btn-hidden btn-arrow elementor-bg-transform elementor-bg-transform-zoom-in elementor-widget elementor-widget-call-to-action\" data-id=\"2cec83fe\" data-element_type=\"widget\" data-widget_type=\"call-to-action.default\">\n\t\t\t\t<div class=\"elementor-widget-container\">\n\t\t\t\t\t\t\t<div class=\"elementor-cta\">\n\t\t\t\t\t<div class=\"elementor-cta__bg-wrapper\">\n\t\t\t\t<div class=\"elementor-cta__bg elementor-bg\" style=\"background-image: url(https:\/\/hotellebiarritz.maintenance.madare.dev\/wp-content\/uploads\/2023\/09\/iStock-1455242825-1024x683.jpg);\" role=\"img\" aria-label=\"January 4, 2023. Bali, Indonesia. Man in tropical ocean during surfing. Surfer ride on surfboard on blue wave.\"><\/div>\n\t\t\t\t<div class=\"elementor-cta__bg-overlay\"><\/div>\n\t\t\t<\/div>\n\t\t\t\t\t\t\t<div class=\"elementor-cta__content\">\n\t\t\t\t\n\t\t\t\t\t\t\t\t\t<h2 class=\"elementor-cta__title elementor-cta__content-item elementor-content-item\">\n\t\t\t\t\t\tSurfing in Biarritz\t\t\t\t\t<\/h2>\n\t\t\t\t\n\t\t\t\t\t\t\t\t\t<div class=\"elementor-cta__description elementor-cta__content-item elementor-content-item\">\n\t\t\t\t\t\tSurfing is an institution in Biarritz, so this is the perfect opportunity to try your hand at it.\t\t\t\t\t<\/div>\n\t\t\t\t\n\t\t\t\t\t\t\t\t\t<div class=\"elementor-cta__button-wrapper elementor-cta__content-item elementor-content-item\">\n\t\t\t\t\t<a class=\"elementor-cta__button elementor-button elementor-size-\" href=\"https:\/\/hotellebiarritz.maintenance.madare.dev\/en\/tourism-activities-biarritz\/surfing-in-biarritz\/\">\n\t\t\t\t\t\tDiscover\t\t\t\t\t<\/a>\n\t\t\t\t\t<\/div>\n\t\t\t\t\t\t\t<\/div>\n\t\t\t\t\t\t<\/div>\n\t\t\t\t\t\t<\/div>\n\t\t\t\t<\/div>\n\t\t\t\t\t<\/div>\n\t\t\t\t<\/div>\n\t\t\t\t\t<\/div>\n\t\t\t\t<\/div>\n\t\t<div class=\"elementor-element elementor-element-364deff9 e-con-full e-flex e-con e-parent\" data-id=\"364deff9\" data-element_type=\"container\" data-settings=\"{&quot;background_background&quot;:&quot;classic&quot;}\">\n\t\t<div class=\"elementor-element elementor-element-263b52db e-con-full e-flex e-con e-child\" data-id=\"263b52db\" data-element_type=\"container\">\n\t\t\t\t<div class=\"elementor-element elementor-element-518b690 elementor-widget elementor-widget-heading\" data-id=\"518b690\" data-element_type=\"widget\" data-widget_type=\"heading.default\">\n\t\t\t\t<div class=\"elementor-widget-container\">\n\t\t\t\t\t<h2 class=\"elementor-heading-title elementor-size-default\">Things to see and do around Biarritz<\/h2>\t\t\t\t<\/div>\n\t\t\t\t<\/div>\n\t\t\t\t<div class=\"elementor-element elementor-element-7d6d6822 elementor-widget-divider--view-line elementor-widget elementor-widget-divider\" data-id=\"7d6d6822\" data-element_type=\"widget\" data-widget_type=\"divider.default\">\n\t\t\t\t<div class=\"elementor-widget-container\">\n\t\t\t\t\t\t\t<div class=\"elementor-divider\">\n\t\t\t<span class=\"elementor-divider-separator\">\n\t\t\t\t\t\t<\/span>\n\t\t<\/div>\n\t\t\t\t\t\t<\/div>\n\t\t\t\t<\/div>\n\t\t\t\t<div class=\"elementor-element elementor-element-5fdc2eac elementor-widget elementor-widget-text-editor\" data-id=\"5fdc2eac\" data-element_type=\"widget\" data-widget_type=\"text-editor.default\">\n\t\t\t\t<div class=\"elementor-widget-container\">\n\t\t\t\t\t\t\t\t\t<p>Biarritz is first and foremost a world-famous surfing spot, but there are plenty of other things to do in the town. Among Biarritz's activities, you can visit the town and its character, the very essence of the Basque Country. Full of charm and natural beauty, Biarritz is a city that offers as much in terms of culture as it does in terms of nature. Take advantage of its magnificent beaches to sunbathe all day, rocked by the waves.<\/p>\t\t\t\t\t\t\t\t<\/div>\n\t\t\t\t<\/div>\n\t\t\t\t<\/div>\n\t\t\t\t<\/div>\n\t\t<div class=\"elementor-element elementor-element-2a757a72 e-con-full e-flex e-con e-parent\" data-id=\"2a757a72\" data-element_type=\"container\">\n\t\t<div class=\"elementor-element elementor-element-7bca04c7 e-con-full e-flex e-con e-child\" data-id=\"7bca04c7\" data-element_type=\"container\">\n\t\t\t\t<div class=\"elementor-element elementor-element-6894e8ee elementor-widget elementor-widget-heading\" data-id=\"6894e8ee\" data-element_type=\"widget\" data-widget_type=\"heading.default\">\n\t\t\t\t<div class=\"elementor-widget-container\">\n\t\t\t\t\t<h2 class=\"elementor-heading-title elementor-size-default\">Find out more <\/h2>\t\t\t\t<\/div>\n\t\t\t\t<\/div>\n\t\t\t\t<div class=\"elementor-element elementor-element-4b29a8b4 elementor-view-default elementor-widget elementor-widget-icon\" data-id=\"4b29a8b4\" data-element_type=\"widget\" data-widget_type=\"icon.default\">\n\t\t\t\t<div class=\"elementor-widget-container\">\n\t\t\t\t\t\t\t<div class=\"elementor-icon-wrapper\">\n\t\t\t<div class=\"elementor-icon\">\n\t\t\t<svg xmlns=\"http:\/\/www.w3.org\/2000\/svg\" width=\"4721\" height=\"1024\" viewbox=\"0 0 4721 1024\"><title><\/title><g id=\"icomoon-ignore\"><\/g><path d=\"M4719.542 686.137c-14.578-16.391-29.63-30.797-45.731-43.933l-0.218-0.176c-122.573-60.482-570.066-175.569-966.051-221.99-367.583-47.829-787.155-60.53-1213.579-30.621-77.228 5.417-154.039 12.186-230.41 20.283l11.070-1.091c-681.528 68.27-1275.654 115.060-1579.65 85.212-377.404-36.852-611.317-125.343-675.959-162.385l-7.504 2.445c141.201 115.371 309.437 199.358 492.55 241.439l8.695 1.64c377.96 99.496 793.208 119.621 1398.815 54.117 647.481-70.36 1808.145-238.118 2823.135 70.626z\"><\/path><\/svg>\t\t\t<\/div>\n\t\t<\/div>\n\t\t\t\t\t\t<\/div>\n\t\t\t\t<\/div>\n\t\t\t\t<\/div>\n\t\t<div class=\"elementor-element elementor-element-54e1ce83 e-con-full e-flex e-con e-child\" data-id=\"54e1ce83\" data-element_type=\"container\">\n\t\t\t\t<div class=\"elementor-element elementor-element-76f198b0 elementor-cta--skin-cover elementor-widget__width-auto cta-fond-anim btn-cta-wave elementor-widget elementor-widget-call-to-action\" data-id=\"76f198b0\" data-element_type=\"widget\" data-widget_type=\"call-to-action.default\">\n\t\t\t\t<div class=\"elementor-widget-container\">\n\t\t\t\t\t\t\t<div class=\"elementor-cta\">\n\t\t\t\t\t<div class=\"elementor-cta__bg-wrapper\">\n\t\t\t\t<div class=\"elementor-cta__bg elementor-bg\" style=\"background-image: url(https:\/\/hotellebiarritz.maintenance.madare.dev\/wp-content\/uploads\/2024\/05\/2024.04.30-Shooting-Hotellerie-Le-Biarritrz-WEB-8-1024x682.jpg);\" role=\"img\" aria-label=\"2024.04.30 Shooting H\u00f4tellerie - Le Biarritrz - WEB--8\"><\/div>\n\t\t\t\t<div class=\"elementor-cta__bg-overlay\"><\/div>\n\t\t\t<\/div>\n\t\t\t\t\t\t\t<div class=\"elementor-cta__content\">\n\t\t\t\t\n\t\t\t\t\t\t\t\t\t<h2 class=\"elementor-cta__title elementor-cta__content-item elementor-content-item\">\n\t\t\t\t\t\tRooms\t\t\t\t\t<\/h2>\n\t\t\t\t\n\t\t\t\t\t\t\t\t\t<div class=\"elementor-cta__description elementor-cta__content-item elementor-content-item\">\n\t\t\t\t\t\tFully equipped with sea views\n\t\t\t\t\t<\/div>\n\t\t\t\t\n\t\t\t\t\t\t\t\t\t<div class=\"elementor-cta__button-wrapper elementor-cta__content-item elementor-content-item\">\n\t\t\t\t\t<a class=\"elementor-cta__button elementor-button elementor-size-\" href=\"https:\/\/hotellebiarritz.maintenance.madare.dev\/en\/rooms-biarritz\/\">\n\t\t\t\t\t\tFind out more\t\t\t\t\t<\/a>\n\t\t\t\t\t<\/div>\n\t\t\t\t\t\t\t<\/div>\n\t\t\t\t\t\t<\/div>\n\t\t\t\t\t\t<\/div>\n\t\t\t\t<\/div>\n\t\t\t\t<\/div>\n\t\t<div class=\"elementor-element elementor-element-45d8e0b9 e-con-full e-flex e-con e-child\" data-id=\"45d8e0b9\" data-element_type=\"container\">\n\t\t\t\t<div class=\"elementor-element elementor-element-4bf60c9d elementor-cta--skin-cover elementor-widget__width-auto cta-fond-anim btn-cta-wave elementor-widget elementor-widget-call-to-action\" data-id=\"4bf60c9d\" data-element_type=\"widget\" data-widget_type=\"call-to-action.default\">\n\t\t\t\t<div class=\"elementor-widget-container\">\n\t\t\t\t\t\t\t<div class=\"elementor-cta\">\n\t\t\t\t\t<div class=\"elementor-cta__bg-wrapper\">\n\t\t\t\t<div class=\"elementor-cta__bg elementor-bg\" style=\"background-image: url(https:\/\/hotellebiarritz.maintenance.madare.dev\/wp-content\/uploads\/2024\/05\/2024.04.30-Shooting-Hotellerie-Le-Biarritrz-WEB-49-1-1024x682.jpg);\" role=\"img\" aria-label=\"2024.04.30 Shooting H\u00f4tellerie - Le Biarritrz - WEB--49\"><\/div>\n\t\t\t\t<div class=\"elementor-cta__bg-overlay\"><\/div>\n\t\t\t<\/div>\n\t\t\t\t\t\t\t<div class=\"elementor-cta__content\">\n\t\t\t\t\n\t\t\t\t\t\t\t\t\t<h2 class=\"elementor-cta__title elementor-cta__content-item elementor-content-item\">\n\t\t\t\t\t\tPhoto gallery\t\t\t\t\t<\/h2>\n\t\t\t\t\n\t\t\t\t\t\t\t\t\t<div class=\"elementor-cta__description elementor-cta__content-item elementor-content-item\">\n\t\t\t\t\t\tYour stay in Biarritz\t\t\t\t\t<\/div>\n\t\t\t\t\n\t\t\t\t\t\t\t\t\t<div class=\"elementor-cta__button-wrapper elementor-cta__content-item elementor-content-item\">\n\t\t\t\t\t<a class=\"elementor-cta__button elementor-button elementor-size-\" href=\"https:\/\/hotellebiarritz.maintenance.madare.dev\/en\/photo-gallery\/\">\n\t\t\t\t\t\tFind out more\t\t\t\t\t<\/a>\n\t\t\t\t\t<\/div>\n\t\t\t\t\t\t\t<\/div>\n\t\t\t\t\t\t<\/div>\n\t\t\t\t\t\t<\/div>\n\t\t\t\t<\/div>\n\t\t\t\t<\/div>\n\t\t<div class=\"elementor-element elementor-element-69ccb6bf e-con-full e-flex e-con e-child\" data-id=\"69ccb6bf\" data-element_type=\"container\">\n\t\t\t\t<div class=\"elementor-element elementor-element-6e502d7b elementor-cta--skin-cover elementor-widget__width-auto cta-fond-anim btn-cta-wave elementor-widget elementor-widget-call-to-action\" data-id=\"6e502d7b\" data-element_type=\"widget\" data-widget_type=\"call-to-action.default\">\n\t\t\t\t<div class=\"elementor-widget-container\">\n\t\t\t\t\t\t\t<div class=\"elementor-cta\">\n\t\t\t\t\t<div class=\"elementor-cta__bg-wrapper\">\n\t\t\t\t<div class=\"elementor-cta__bg elementor-bg\" style=\"background-image: url(https:\/\/hotellebiarritz.maintenance.madare.dev\/wp-content\/uploads\/2023\/10\/le-biarritz-eliophot-arsandaux-269-1024x683.jpg);\" role=\"img\" aria-label=\"le-biarritz-eliophot-arsandaux-269\"><\/div>\n\t\t\t\t<div class=\"elementor-cta__bg-overlay\"><\/div>\n\t\t\t<\/div>\n\t\t\t\t\t\t\t<div class=\"elementor-cta__content\">\n\t\t\t\t\n\t\t\t\t\t\t\t\t\t<h2 class=\"elementor-cta__title elementor-cta__content-item elementor-content-item\">\n\t\t\t\t\t\tSeminars\t\t\t\t\t<\/h2>\n\t\t\t\t\n\t\t\t\t\t\t\t\t\t<div class=\"elementor-cta__description elementor-cta__content-item elementor-content-item\">\n\t\t\t\t\t\tYour corporate event in Biarritz\t\t\t\t\t<\/div>\n\t\t\t\t\n\t\t\t\t\t\t\t\t\t<div class=\"elementor-cta__button-wrapper elementor-cta__content-item elementor-content-item\">\n\t\t\t\t\t<a class=\"elementor-cta__button elementor-button elementor-size-\" href=\"https:\/\/hotellebiarritz.maintenance.madare.dev\/en\/seminars-and-events-biarritz\/\">\n\t\t\t\t\t\tFind out more\t\t\t\t\t<\/a>\n\t\t\t\t\t<\/div>\n\t\t\t\t\t\t\t<\/div>\n\t\t\t\t\t\t<\/div>\n\t\t\t\t\t\t<\/div>\n\t\t\t\t<\/div>\n\t\t\t\t<\/div>\n\t\t\t\t<\/div>\n\t\t\t\t<\/div>","protected":false},"excerpt":{"rendered":"<p>Tourisme &amp; Activit\u00e9s Vos activit\u00e9s \u00e0 Biarritz Un s\u00e9jour entre bien-\u00eatre et sport Visitez la C\u00f4te Basque et d\u00e9couvrez la force de l\u2019oc\u00e9an et la chaleur du Pays Basque. Une r\u00e9gion singuli\u00e8re qui a tant \u00e0 offrir. Que ce soit en termes de culture, d\u2019histoire, de paysages ou de gastronomie, le Pays Basque et sa [&hellip;]<\/p>","protected":false},"author":21,"featured_media":0,"parent":0,"menu_order":0,"comment_status":"closed","ping_status":"closed","template":"","meta":{"inline_featured_image":false,"footnotes":""},"class_list":["post-365","page","type-page","status-publish","hentry"],"_links":{"self":[{"href":"https:\/\/hotellebiarritz.maintenance.madare.dev\/en\/wp-json\/wp\/v2\/pages\/365","targetHints":{"allow":["GET"]}}],"collection":[{"href":"https:\/\/hotellebiarritz.maintenance.madare.dev\/en\/wp-json\/wp\/v2\/pages"}],"about":[{"href":"https:\/\/hotellebiarritz.maintenance.madare.dev\/en\/wp-json\/wp\/v2\/types\/page"}],"author":[{"embeddable":true,"href":"https:\/\/hotellebiarritz.maintenance.madare.dev\/en\/wp-json\/wp\/v2\/users\/21"}],"replies":[{"embeddable":true,"href":"https:\/\/hotellebiarritz.maintenance.madare.dev\/en\/wp-json\/wp\/v2\/comments?post=365"}],"version-history":[{"count":175,"href":"https:\/\/hotellebiarritz.maintenance.madare.dev\/en\/wp-json\/wp\/v2\/pages\/365\/revisions"}],"predecessor-version":[{"id":4816,"href":"https:\/\/hotellebiarritz.maintenance.madare.dev\/en\/wp-json\/wp\/v2\/pages\/365\/revisions\/4816"}],"wp:attachment":[{"href":"https:\/\/hotellebiarritz.maintenance.madare.dev\/en\/wp-json\/wp\/v2\/media?parent=365"}],"curies":[{"name":"wp","href":"https:\/\/api.w.org\/{rel}","templated":true}]}}