{"id":1728,"date":"2023-08-10T15:19:44","date_gmt":"2023-08-10T13:19:44","guid":{"rendered":"https:\/\/hotellebiarritz.maintenance.madare.dev\/?page_id=1728"},"modified":"2024-05-15T09:57:07","modified_gmt":"2024-05-15T07:57:07","slug":"culture-heritage-what-to-do-in-biarritz","status":"publish","type":"page","link":"https:\/\/hotellebiarritz.maintenance.madare.dev\/en\/tourism-activities-biarritz\/culture-heritage-what-to-do-in-biarritz\/","title":{"rendered":"Culture &amp; heritage"},"content":{"rendered":"<div data-elementor-type=\"wp-page\" data-elementor-id=\"1728\" class=\"elementor elementor-1728\" data-elementor-post-type=\"page\">\n\t\t\t\t<div class=\"elementor-element elementor-element-79d130a e-con-full e-flex e-con e-parent\" data-id=\"79d130a\" data-element_type=\"container\" data-settings=\"{&quot;background_background&quot;:&quot;classic&quot;}\">\n\t\t<div class=\"elementor-element elementor-element-9c2133d e-flex e-con-boxed e-con e-child\" data-id=\"9c2133d\" data-element_type=\"container\">\n\t\t\t\t\t<div class=\"e-con-inner\">\n\t\t\t\t<div class=\"elementor-element elementor-element-84d27a8 elementor-widget elementor-widget-heading\" data-id=\"84d27a8\" data-element_type=\"widget\" data-widget_type=\"heading.default\">\n\t\t\t\t<div class=\"elementor-widget-container\">\n\t\t\t\t\t<h1 class=\"elementor-heading-title elementor-size-default\">Culture &amp; Heritage<\/h1>\t\t\t\t<\/div>\n\t\t\t\t<\/div>\n\t\t\t\t<div class=\"elementor-element elementor-element-f63eed9 elementor-view-default elementor-widget elementor-widget-icon\" data-id=\"f63eed9\" data-element_type=\"widget\" data-widget_type=\"icon.default\">\n\t\t\t\t<div class=\"elementor-widget-container\">\n\t\t\t\t\t\t\t<div class=\"elementor-icon-wrapper\">\n\t\t\t<div class=\"elementor-icon\">\n\t\t\t<svg xmlns=\"http:\/\/www.w3.org\/2000\/svg\" width=\"4721\" height=\"1024\" viewbox=\"0 0 4721 1024\"><title><\/title><g id=\"icomoon-ignore\"><\/g><path d=\"M4719.542 686.137c-14.578-16.391-29.63-30.797-45.731-43.933l-0.218-0.176c-122.573-60.482-570.066-175.569-966.051-221.99-367.583-47.829-787.155-60.53-1213.579-30.621-77.228 5.417-154.039 12.186-230.41 20.283l11.070-1.091c-681.528 68.27-1275.654 115.060-1579.65 85.212-377.404-36.852-611.317-125.343-675.959-162.385l-7.504 2.445c141.201 115.371 309.437 199.358 492.55 241.439l8.695 1.64c377.96 99.496 793.208 119.621 1398.815 54.117 647.481-70.36 1808.145-238.118 2823.135 70.626z\"><\/path><\/svg>\t\t\t<\/div>\n\t\t<\/div>\n\t\t\t\t\t\t<\/div>\n\t\t\t\t<\/div>\n\t\t\t\t\t<\/div>\n\t\t\t\t<\/div>\n\t\t\t\t<\/div>\n\t\t<div class=\"elementor-element elementor-element-538bc11 e-flex e-con-boxed e-con e-parent\" data-id=\"538bc11\" data-element_type=\"container\">\n\t\t\t\t\t<div class=\"e-con-inner\">\n\t\t<div class=\"elementor-element elementor-element-b1cbfd2 e-con-full e-flex e-con e-child\" data-id=\"b1cbfd2\" data-element_type=\"container\">\n\t\t\t\t<div class=\"elementor-element elementor-element-374e43c elementor-widget elementor-widget-heading\" data-id=\"374e43c\" data-element_type=\"widget\" data-widget_type=\"heading.default\">\n\t\t\t\t<div class=\"elementor-widget-container\">\n\t\t\t\t\t<h2 class=\"elementor-heading-title elementor-size-default\">What to do in Biarritz: numerous monuments to see<\/h2>\t\t\t\t<\/div>\n\t\t\t\t<\/div>\n\t\t\t\t<div class=\"elementor-element elementor-element-0a8ecd3 elementor-widget elementor-widget-text-editor\" data-id=\"0a8ecd3\" data-element_type=\"widget\" data-widget_type=\"text-editor.default\">\n\t\t\t\t<div class=\"elementor-widget-container\">\n\t\t\t\t\t\t\t\t\t<p>Biarritz is full of special features and splendours to discover or revisit. The Rocher de la Vierge is certainly one of the best known. A rock rising out of the water on which a statue of the Virgin Mary was erected, it was connected to land by a footbridge in 1887 and is free to visit.<br \/>The Biarritz Lighthouse is located on the coast on the other side of the Grande Plage. Built in 1834 on the side of the cliff at Pointe Saint-Martin, it overlooks the ocean and the city. Its summit rises to 73 metres and it can be visited all year round. <\/p>\t\t\t\t\t\t\t\t<\/div>\n\t\t\t\t<\/div>\n\t\t\t\t<\/div>\n\t\t<div class=\"elementor-element elementor-element-0ba5cef e-con-full e-flex e-con e-child\" data-id=\"0ba5cef\" data-element_type=\"container\">\n\t\t<div class=\"elementor-element elementor-element-7e52ef6 e-flex e-con-boxed e-con e-child\" data-id=\"7e52ef6\" data-element_type=\"container\">\n\t\t\t\t\t<div class=\"e-con-inner\">\n\t\t\t\t<div class=\"elementor-element elementor-element-27b5124 elementor-widget__width-auto elementor-widget elementor-widget-image\" data-id=\"27b5124\" data-element_type=\"widget\" data-widget_type=\"image.default\">\n\t\t\t\t<div class=\"elementor-widget-container\">\n\t\t\t\t\t\t\t\t\t\t\t\t\t\t\t<img fetchpriority=\"high\" decoding=\"async\" width=\"800\" height=\"534\" src=\"https:\/\/hotellebiarritz.maintenance.madare.dev\/wp-content\/uploads\/2023\/09\/iStock-1145421442-1024x683.jpg\" class=\"attachment-large size-large wp-image-3186\" alt=\"\" srcset=\"https:\/\/hotellebiarritz.maintenance.madare.dev\/wp-content\/uploads\/2023\/09\/iStock-1145421442-1024x683.jpg 1024w, https:\/\/hotellebiarritz.maintenance.madare.dev\/wp-content\/uploads\/2023\/09\/iStock-1145421442-300x200.jpg 300w, https:\/\/hotellebiarritz.maintenance.madare.dev\/wp-content\/uploads\/2023\/09\/iStock-1145421442-768x512.jpg 768w, https:\/\/hotellebiarritz.maintenance.madare.dev\/wp-content\/uploads\/2023\/09\/iStock-1145421442-18x12.jpg 18w, https:\/\/hotellebiarritz.maintenance.madare.dev\/wp-content\/uploads\/2023\/09\/iStock-1145421442.jpg 1254w\" sizes=\"(max-width: 800px) 100vw, 800px\" title=\"\">\t\t\t\t\t\t\t\t\t\t\t\t\t\t\t<\/div>\n\t\t\t\t<\/div>\n\t\t\t\t<div class=\"elementor-element elementor-element-3bc4840 elementor-widget__width-auto elementor-widget elementor-widget-image\" data-id=\"3bc4840\" data-element_type=\"widget\" data-widget_type=\"image.default\">\n\t\t\t\t<div class=\"elementor-widget-container\">\n\t\t\t\t\t\t\t\t\t\t\t\t\t\t\t<img decoding=\"async\" width=\"800\" height=\"534\" src=\"https:\/\/hotellebiarritz.maintenance.madare.dev\/wp-content\/uploads\/2023\/09\/iStock-1587976437-1024x683.jpg\" class=\"attachment-large size-large wp-image-3189\" alt=\"\" srcset=\"https:\/\/hotellebiarritz.maintenance.madare.dev\/wp-content\/uploads\/2023\/09\/iStock-1587976437-1024x683.jpg 1024w, https:\/\/hotellebiarritz.maintenance.madare.dev\/wp-content\/uploads\/2023\/09\/iStock-1587976437-300x200.jpg 300w, https:\/\/hotellebiarritz.maintenance.madare.dev\/wp-content\/uploads\/2023\/09\/iStock-1587976437-768x512.jpg 768w, https:\/\/hotellebiarritz.maintenance.madare.dev\/wp-content\/uploads\/2023\/09\/iStock-1587976437-18x12.jpg 18w, https:\/\/hotellebiarritz.maintenance.madare.dev\/wp-content\/uploads\/2023\/09\/iStock-1587976437.jpg 1254w\" sizes=\"(max-width: 800px) 100vw, 800px\" title=\"\">\t\t\t\t\t\t\t\t\t\t\t\t\t\t\t<\/div>\n\t\t\t\t<\/div>\n\t\t\t\t\t<\/div>\n\t\t\t\t<\/div>\n\t\t<div class=\"elementor-element elementor-element-f9a4aea e-flex e-con-boxed e-con e-child\" data-id=\"f9a4aea\" data-element_type=\"container\">\n\t\t\t\t\t<div class=\"e-con-inner\">\n\t\t\t\t<div class=\"elementor-element elementor-element-c3f42de elementor-widget__width-auto elementor-widget elementor-widget-image\" data-id=\"c3f42de\" data-element_type=\"widget\" data-widget_type=\"image.default\">\n\t\t\t\t<div class=\"elementor-widget-container\">\n\t\t\t\t\t\t\t\t\t\t\t\t\t\t\t<img decoding=\"async\" width=\"800\" height=\"534\" src=\"https:\/\/hotellebiarritz.maintenance.madare.dev\/wp-content\/uploads\/2023\/09\/iStock-1492406599-1024x683.jpg\" class=\"attachment-large size-large wp-image-3188\" alt=\"\" srcset=\"https:\/\/hotellebiarritz.maintenance.madare.dev\/wp-content\/uploads\/2023\/09\/iStock-1492406599-1024x683.jpg 1024w, https:\/\/hotellebiarritz.maintenance.madare.dev\/wp-content\/uploads\/2023\/09\/iStock-1492406599-300x200.jpg 300w, https:\/\/hotellebiarritz.maintenance.madare.dev\/wp-content\/uploads\/2023\/09\/iStock-1492406599-768x513.jpg 768w, https:\/\/hotellebiarritz.maintenance.madare.dev\/wp-content\/uploads\/2023\/09\/iStock-1492406599-18x12.jpg 18w, https:\/\/hotellebiarritz.maintenance.madare.dev\/wp-content\/uploads\/2023\/09\/iStock-1492406599.jpg 1254w\" sizes=\"(max-width: 800px) 100vw, 800px\" title=\"\">\t\t\t\t\t\t\t\t\t\t\t\t\t\t\t<\/div>\n\t\t\t\t<\/div>\n\t\t\t\t\t<\/div>\n\t\t\t\t<\/div>\n\t\t\t\t<\/div>\n\t\t\t\t\t<\/div>\n\t\t\t\t<\/div>\n\t\t<div class=\"elementor-element elementor-element-5d8cd1f e-con-full e-flex e-con e-parent\" data-id=\"5d8cd1f\" data-element_type=\"container\">\n\t\t<div class=\"elementor-element elementor-element-136b967 e-con-full e-flex e-con e-child\" data-id=\"136b967\" data-element_type=\"container\">\n\t\t<div class=\"elementor-element elementor-element-b1f020a e-flex e-con-boxed e-con e-child\" data-id=\"b1f020a\" data-element_type=\"container\" data-settings=\"{&quot;background_background&quot;:&quot;classic&quot;}\">\n\t\t\t\t\t<div class=\"e-con-inner\">\n\t\t\t\t<div class=\"elementor-element elementor-element-5d253c0 elementor-widget elementor-widget-image\" data-id=\"5d253c0\" data-element_type=\"widget\" data-widget_type=\"image.default\">\n\t\t\t\t<div class=\"elementor-widget-container\">\n\t\t\t\t\t\t\t\t\t\t\t\t\t\t\t<img loading=\"lazy\" decoding=\"async\" width=\"1254\" height=\"836\" src=\"https:\/\/hotellebiarritz.maintenance.madare.dev\/wp-content\/uploads\/2023\/09\/iStock-1481855364.jpg\" class=\"attachment-full size-full wp-image-3184\" alt=\"\" srcset=\"https:\/\/hotellebiarritz.maintenance.madare.dev\/wp-content\/uploads\/2023\/09\/iStock-1481855364.jpg 1254w, https:\/\/hotellebiarritz.maintenance.madare.dev\/wp-content\/uploads\/2023\/09\/iStock-1481855364-300x200.jpg 300w, https:\/\/hotellebiarritz.maintenance.madare.dev\/wp-content\/uploads\/2023\/09\/iStock-1481855364-1024x683.jpg 1024w, https:\/\/hotellebiarritz.maintenance.madare.dev\/wp-content\/uploads\/2023\/09\/iStock-1481855364-768x512.jpg 768w, https:\/\/hotellebiarritz.maintenance.madare.dev\/wp-content\/uploads\/2023\/09\/iStock-1481855364-18x12.jpg 18w\" sizes=\"(max-width: 1254px) 100vw, 1254px\" title=\"\">\t\t\t\t\t\t\t\t\t\t\t\t\t\t\t<\/div>\n\t\t\t\t<\/div>\n\t\t\t\t\t<\/div>\n\t\t\t\t<\/div>\n\t\t\t\t<\/div>\n\t\t<div class=\"elementor-element elementor-element-154eaa3 e-con-full e-flex e-con e-child\" data-id=\"154eaa3\" data-element_type=\"container\" data-settings=\"{&quot;background_background&quot;:&quot;classic&quot;}\">\n\t\t\t\t<div class=\"elementor-element elementor-element-bdac826 elementor-widget elementor-widget-heading\" data-id=\"bdac826\" data-element_type=\"widget\" data-widget_type=\"heading.default\">\n\t\t\t\t<div class=\"elementor-widget-container\">\n\t\t\t\t\t<h2 class=\"elementor-heading-title elementor-size-default\">A town marked by Napoleon III<\/h2>\t\t\t\t<\/div>\n\t\t\t\t<\/div>\n\t\t\t\t<div class=\"elementor-element elementor-element-1e74def elementor-widget elementor-widget-text-editor\" data-id=\"1e74def\" data-element_type=\"widget\" data-widget_type=\"text-editor.default\">\n\t\t\t\t<div class=\"elementor-widget-container\">\n\t\t\t\t\t\t\t\t\t<p>A neo-Gothic church, Sainte-Eug\u00e9nie was built at the very end of the 19th century. It was dedicated to Sainte-Eug\u00e9nie, patron saint of Empress Eug\u00e9nie de Montijo, Napoleon III's wife. This Romanesque-Byzantine church is another of the town's most recognisable monuments, with magnificent stained glass windows to admire. It watches over Biarritz's old port and fishermen's harbour. The latter is a village within the city. Very typical, it has narrow streets through which walkers love to wander to discover its typical colourful little houses.<\/p><p>From the Grande Plage, you can also admire the H\u00f4tel du Palais. Although it now houses a 5-star hotel, the building was once the residence of Napoleon III. Called the Villa Eug\u00e9nie at the time, it became the Palais Biarritz in 1881 when it was used as a hotel-casino. The term \"H\u00f4tel du Palais\" was coined in 1893.<\/p>\t\t\t\t\t\t\t\t<\/div>\n\t\t\t\t<\/div>\n\t\t\t\t<\/div>\n\t\t\t\t<\/div>\n\t\t<div class=\"elementor-element elementor-element-dcd3314 e-con-full e-flex e-con e-parent\" data-id=\"dcd3314\" data-element_type=\"container\">\n\t\t<div class=\"elementor-element elementor-element-a92b27d e-con-full e-flex e-con e-child\" data-id=\"a92b27d\" data-element_type=\"container\">\n\t\t\t\t<div class=\"elementor-element elementor-element-a89005b elementor-widget elementor-widget-heading\" data-id=\"a89005b\" data-element_type=\"widget\" data-widget_type=\"heading.default\">\n\t\t\t\t<div class=\"elementor-widget-container\">\n\t\t\t\t\t<h2 class=\"elementor-heading-title elementor-size-default\">Find out more <\/h2>\t\t\t\t<\/div>\n\t\t\t\t<\/div>\n\t\t\t\t<div class=\"elementor-element elementor-element-e1b4b7c elementor-view-default elementor-widget elementor-widget-icon\" data-id=\"e1b4b7c\" data-element_type=\"widget\" data-widget_type=\"icon.default\">\n\t\t\t\t<div class=\"elementor-widget-container\">\n\t\t\t\t\t\t\t<div class=\"elementor-icon-wrapper\">\n\t\t\t<div class=\"elementor-icon\">\n\t\t\t<svg xmlns=\"http:\/\/www.w3.org\/2000\/svg\" width=\"4721\" height=\"1024\" viewbox=\"0 0 4721 1024\"><title><\/title><g id=\"icomoon-ignore\"><\/g><path d=\"M4719.542 686.137c-14.578-16.391-29.63-30.797-45.731-43.933l-0.218-0.176c-122.573-60.482-570.066-175.569-966.051-221.99-367.583-47.829-787.155-60.53-1213.579-30.621-77.228 5.417-154.039 12.186-230.41 20.283l11.070-1.091c-681.528 68.27-1275.654 115.060-1579.65 85.212-377.404-36.852-611.317-125.343-675.959-162.385l-7.504 2.445c141.201 115.371 309.437 199.358 492.55 241.439l8.695 1.64c377.96 99.496 793.208 119.621 1398.815 54.117 647.481-70.36 1808.145-238.118 2823.135 70.626z\"><\/path><\/svg>\t\t\t<\/div>\n\t\t<\/div>\n\t\t\t\t\t\t<\/div>\n\t\t\t\t<\/div>\n\t\t\t\t<\/div>\n\t\t<div class=\"elementor-element elementor-element-158688b e-con-full e-flex e-con e-child\" data-id=\"158688b\" data-element_type=\"container\">\n\t\t\t\t<div class=\"elementor-element elementor-element-f062860 elementor-cta--skin-cover elementor-widget__width-auto cta-fond-anim btn-cta-wave elementor-widget elementor-widget-call-to-action\" data-id=\"f062860\" data-element_type=\"widget\" data-widget_type=\"call-to-action.default\">\n\t\t\t\t<div class=\"elementor-widget-container\">\n\t\t\t\t\t\t\t<div class=\"elementor-cta\">\n\t\t\t\t\t<div class=\"elementor-cta__bg-wrapper\">\n\t\t\t\t<div class=\"elementor-cta__bg elementor-bg\" style=\"background-image: url(https:\/\/hotellebiarritz.maintenance.madare.dev\/wp-content\/uploads\/2023\/09\/iStock-140074666-1024x757.jpg);\" role=\"img\" aria-label=\"Seaside Golf Courses in Biarritz\"><\/div>\n\t\t\t\t<div class=\"elementor-cta__bg-overlay\"><\/div>\n\t\t\t<\/div>\n\t\t\t\t\t\t\t<div class=\"elementor-cta__content\">\n\t\t\t\t\n\t\t\t\t\t\t\t\t\t<h2 class=\"elementor-cta__title elementor-cta__content-item elementor-content-item\">\n\t\t\t\t\t\tGolf in Biarritz\t\t\t\t\t<\/h2>\n\t\t\t\t\n\t\t\t\t\n\t\t\t\t\t\t\t\t\t<div class=\"elementor-cta__button-wrapper elementor-cta__content-item elementor-content-item\">\n\t\t\t\t\t<a class=\"elementor-cta__button elementor-button elementor-size-\" href=\"https:\/\/hotellebiarritz.maintenance.madare.dev\/en\/tourism-activities-biarritz\/golf-in-biarritz\/\">\n\t\t\t\t\t\tFind out more\t\t\t\t\t<\/a>\n\t\t\t\t\t<\/div>\n\t\t\t\t\t\t\t<\/div>\n\t\t\t\t\t\t<\/div>\n\t\t\t\t\t\t<\/div>\n\t\t\t\t<\/div>\n\t\t\t\t<\/div>\n\t\t<div class=\"elementor-element elementor-element-c0e12e4 e-con-full e-flex e-con e-child\" data-id=\"c0e12e4\" data-element_type=\"container\">\n\t\t\t\t<div class=\"elementor-element elementor-element-b21b912 elementor-cta--skin-cover elementor-widget__width-auto cta-fond-anim btn-cta-wave elementor-widget elementor-widget-call-to-action\" data-id=\"b21b912\" data-element_type=\"widget\" data-widget_type=\"call-to-action.default\">\n\t\t\t\t<div class=\"elementor-widget-container\">\n\t\t\t\t\t\t\t<div class=\"elementor-cta\">\n\t\t\t\t\t<div class=\"elementor-cta__bg-wrapper\">\n\t\t\t\t<div class=\"elementor-cta__bg elementor-bg\" style=\"background-image: url(https:\/\/hotellebiarritz.maintenance.madare.dev\/wp-content\/uploads\/2023\/09\/iStock-1187808826-1024x576.jpg);\" role=\"img\" aria-label=\"She looks out to mountain ranges in distance\"><\/div>\n\t\t\t\t<div class=\"elementor-cta__bg-overlay\"><\/div>\n\t\t\t<\/div>\n\t\t\t\t\t\t\t<div class=\"elementor-cta__content\">\n\t\t\t\t\n\t\t\t\t\t\t\t\t\t<h2 class=\"elementor-cta__title elementor-cta__content-item elementor-content-item\">\n\t\t\t\t\t\tWalks in the Basque Country\t\t\t\t\t<\/h2>\n\t\t\t\t\n\t\t\t\t\n\t\t\t\t\t\t\t\t\t<div class=\"elementor-cta__button-wrapper elementor-cta__content-item elementor-content-item\">\n\t\t\t\t\t<a class=\"elementor-cta__button elementor-button elementor-size-\" href=\"https:\/\/hotellebiarritz.maintenance.madare.dev\/en\/tourism-activities-biarritz\/walks-in-the-basque-country-visit-biarritz\/\">\n\t\t\t\t\t\tFind out more\t\t\t\t\t<\/a>\n\t\t\t\t\t<\/div>\n\t\t\t\t\t\t\t<\/div>\n\t\t\t\t\t\t<\/div>\n\t\t\t\t\t\t<\/div>\n\t\t\t\t<\/div>\n\t\t\t\t<\/div>\n\t\t<div class=\"elementor-element elementor-element-6b29f14 e-con-full e-flex e-con e-child\" data-id=\"6b29f14\" data-element_type=\"container\">\n\t\t\t\t<div class=\"elementor-element elementor-element-923449e elementor-cta--skin-cover elementor-widget__width-auto cta-fond-anim btn-cta-wave elementor-widget elementor-widget-call-to-action\" data-id=\"923449e\" data-element_type=\"widget\" data-widget_type=\"call-to-action.default\">\n\t\t\t\t<div class=\"elementor-widget-container\">\n\t\t\t\t\t\t\t<div class=\"elementor-cta\">\n\t\t\t\t\t<div class=\"elementor-cta__bg-wrapper\">\n\t\t\t\t<div class=\"elementor-cta__bg elementor-bg\" style=\"background-image: url(https:\/\/hotellebiarritz.maintenance.madare.dev\/wp-content\/uploads\/2023\/09\/iStock-1455242825-1024x683.jpg);\" role=\"img\" aria-label=\"January 4, 2023. Bali, Indonesia. Man in tropical ocean during surfing. Surfer ride on surfboard on blue wave.\"><\/div>\n\t\t\t\t<div class=\"elementor-cta__bg-overlay\"><\/div>\n\t\t\t<\/div>\n\t\t\t\t\t\t\t<div class=\"elementor-cta__content\">\n\t\t\t\t\n\t\t\t\t\t\t\t\t\t<h2 class=\"elementor-cta__title elementor-cta__content-item elementor-content-item\">\n\t\t\t\t\t\tSurfing in Biarritz\t\t\t\t\t<\/h2>\n\t\t\t\t\n\t\t\t\t\n\t\t\t\t\t\t\t\t\t<div class=\"elementor-cta__button-wrapper elementor-cta__content-item elementor-content-item\">\n\t\t\t\t\t<a class=\"elementor-cta__button elementor-button elementor-size-\" href=\"https:\/\/hotellebiarritz.maintenance.madare.dev\/en\/tourism-activities-biarritz\/surfing-in-biarritz\/\">\n\t\t\t\t\t\tFind out more\t\t\t\t\t<\/a>\n\t\t\t\t\t<\/div>\n\t\t\t\t\t\t\t<\/div>\n\t\t\t\t\t\t<\/div>\n\t\t\t\t\t\t<\/div>\n\t\t\t\t<\/div>\n\t\t\t\t<\/div>\n\t\t\t\t<\/div>\n\t\t\t\t<\/div>","protected":false},"excerpt":{"rendered":"<p>Culture &amp; Heritage What to do in Biarritz: numerous monuments to see Biarritz is full of special features and splendours to discover or revisit. The Rocher de la Vierge is certainly one of the best known. A rock rising out of the water on which a statue of the Virgin has been erected, it is connected to the [...]<\/p>","protected":false},"author":21,"featured_media":0,"parent":365,"menu_order":0,"comment_status":"closed","ping_status":"closed","template":"","meta":{"inline_featured_image":false,"footnotes":""},"class_list":["post-1728","page","type-page","status-publish","hentry"],"_links":{"self":[{"href":"https:\/\/hotellebiarritz.maintenance.madare.dev\/en\/wp-json\/wp\/v2\/pages\/1728","targetHints":{"allow":["GET"]}}],"collection":[{"href":"https:\/\/hotellebiarritz.maintenance.madare.dev\/en\/wp-json\/wp\/v2\/pages"}],"about":[{"href":"https:\/\/hotellebiarritz.maintenance.madare.dev\/en\/wp-json\/wp\/v2\/types\/page"}],"author":[{"embeddable":true,"href":"https:\/\/hotellebiarritz.maintenance.madare.dev\/en\/wp-json\/wp\/v2\/users\/21"}],"replies":[{"embeddable":true,"href":"https:\/\/hotellebiarritz.maintenance.madare.dev\/en\/wp-json\/wp\/v2\/comments?post=1728"}],"version-history":[{"count":49,"href":"https:\/\/hotellebiarritz.maintenance.madare.dev\/en\/wp-json\/wp\/v2\/pages\/1728\/revisions"}],"predecessor-version":[{"id":4174,"href":"https:\/\/hotellebiarritz.maintenance.madare.dev\/en\/wp-json\/wp\/v2\/pages\/1728\/revisions\/4174"}],"up":[{"embeddable":true,"href":"https:\/\/hotellebiarritz.maintenance.madare.dev\/en\/wp-json\/wp\/v2\/pages\/365"}],"wp:attachment":[{"href":"https:\/\/hotellebiarritz.maintenance.madare.dev\/en\/wp-json\/wp\/v2\/media?parent=1728"}],"curies":[{"name":"wp","href":"https:\/\/api.w.org\/{rel}","templated":true}]}}